{"id":230,"date":"2023-05-05T15:58:23","date_gmt":"2023-05-05T12:58:23","guid":{"rendered":"https:\/\/trafficrent.marketup.pro\/?page_id=230"},"modified":"2023-12-28T20:14:00","modified_gmt":"2023-12-28T18:14:00","slug":"mietbedingungen-2","status":"publish","type":"page","link":"https:\/\/aegean-rentals.com\/de\/mietbedingungen-2\/","title":{"rendered":"Mietbedingungen"},"content":{"rendered":"<div data-elementor-type=\"wp-page\" data-elementor-id=\"230\" class=\"elementor elementor-230\" data-elementor-post-type=\"page\">\n\t\t\t\t\t\t<section class=\"elementor-section elementor-top-section elementor-element elementor-element-eca0794 elementor-section-boxed elementor-section-height-default elementor-section-height-default\" data-id=\"eca0794\" data-element_type=\"section\" data-e-type=\"section\" data-settings=\"{&quot;background_background&quot;:&quot;classic&quot;}\">\n\t\t\t\t\t\t<div class=\"elementor-container elementor-column-gap-default\">\n\t\t\t\t\t<div class=\"elementor-column elementor-col-100 elementor-top-column elementor-element elementor-element-bfdaeed\" data-id=\"bfdaeed\" data-element_type=\"column\" data-e-type=\"column\">\n\t\t\t<div class=\"elementor-widget-wrap elementor-element-populated\">\n\t\t\t\t\t\t<div class=\"elementor-element elementor-element-b78167c elementor-widget elementor-widget-heading\" data-id=\"b78167c\" data-element_type=\"widget\" data-e-type=\"widget\" data-widget_type=\"heading.default\">\n\t\t\t\t<div class=\"elementor-widget-container\">\n\t\t\t\t\t<h1 class=\"elementor-heading-title elementor-size-default\">Mietbedingungen<\/h1>\t\t\t\t<\/div>\n\t\t\t\t<\/div>\n\t\t\t\t<div class=\"elementor-element elementor-element-1a43fe2 elementor-icon-list--layout-inline elementor-align-center elementor-list-item-link-full_width elementor-widget elementor-widget-icon-list\" data-id=\"1a43fe2\" data-element_type=\"widget\" data-e-type=\"widget\" data-widget_type=\"icon-list.default\">\n\t\t\t\t<div class=\"elementor-widget-container\">\n\t\t\t\t\t\t\t<ul class=\"elementor-icon-list-items elementor-inline-items\">\n\t\t\t\t\t\t\t<li class=\"elementor-icon-list-item elementor-inline-item\">\n\t\t\t\t\t\t\t\t\t\t\t<a href=\"https:\/\/aegean-rentals.com\/de\">\n\n\t\t\t\t\t\t\t\t\t\t\t<span class=\"elementor-icon-list-text\">Startseite<\/span>\n\t\t\t\t\t\t\t\t\t\t\t<\/a>\n\t\t\t\t\t\t\t\t\t<\/li>\n\t\t\t\t\t\t\t\t<li class=\"elementor-icon-list-item elementor-inline-item\">\n\t\t\t\t\t\t\t\t\t\t\t<span class=\"elementor-icon-list-icon\">\n\t\t\t\t\t\t\t<i aria-hidden=\"true\" class=\"fas fa-chevron-right\"><\/i>\t\t\t\t\t\t<\/span>\n\t\t\t\t\t\t\t\t\t\t<span class=\"elementor-icon-list-text\">Mietbedingungen<\/span>\n\t\t\t\t\t\t\t\t\t<\/li>\n\t\t\t\t\t\t<\/ul>\n\t\t\t\t\t\t<\/div>\n\t\t\t\t<\/div>\n\t\t\t\t\t<\/div>\n\t\t<\/div>\n\t\t\t\t\t<\/div>\n\t\t<\/section>\n\t\t\t\t<section class=\"elementor-section elementor-top-section elementor-element elementor-element-a0b6785 elementor-section-boxed elementor-section-height-default elementor-section-height-default\" data-id=\"a0b6785\" data-element_type=\"section\" data-e-type=\"section\">\n\t\t\t\t\t\t<div class=\"elementor-container elementor-column-gap-no\">\n\t\t\t\t\t<div class=\"elementor-column elementor-col-100 elementor-top-column elementor-element elementor-element-69404e7\" data-id=\"69404e7\" data-element_type=\"column\" data-e-type=\"column\">\n\t\t\t<div class=\"elementor-widget-wrap elementor-element-populated\">\n\t\t\t\t\t\t<div class=\"elementor-element elementor-element-e26de39 elementor-widget elementor-widget-text-editor\" data-id=\"e26de39\" data-element_type=\"widget\" data-e-type=\"widget\" data-widget_type=\"text-editor.default\">\n\t\t\t\t<div class=\"elementor-widget-container\">\n\t\t\t\t\t\t\t\t\t<h5>Was Sie wissen m\u00fcssen, wenn Sie bei uns ein Auto mieten<\/h5><p>F\u00fcr die Anmietung gelten die folgenden allgemeinen Mietbedingungen. Bitte beachten Sie, dass die spezifischen Mietbedingungen, die f\u00fcr die Anmietung gelten k\u00f6nnen, im Abschnitt \u201eSpezifische Mietbedingungen\u201c verf\u00fcgbar sind. Aegean Rentals empfiehlt Ihnen dringend, die allgemeinen Mietbedingungen sowie die f\u00fcr die Anmietung geltenden spezifischen Mietbedingungen sorgf\u00e4ltig durchzulesen. Aegean Rentals empfiehlt Ihnen au\u00dferdem dringend, die im Mietvertrag genannten Bedingungen, den Sie vor dem Check-out an der Aegean Rentals-Station unterzeichnet haben, sorgf\u00e4ltig durchzulesen. Um den Anmietvorgang zu vereinfachen, sind die Allgemeinen Gesch\u00e4ftsbedingungen von Aegean Rentals in der Landessprache und auf Englisch verf\u00fcgbar.<\/p><h5>Allgemeine Gesch\u00e4ftsbedingungen<\/h5><p><strong>ALTER DES FAHRERS<\/strong>: Das Mindestalter des Fahrers betr\u00e4gt f\u00fcr Kreditkarteninhaber 21 Jahre und f\u00fcr Nichtinhaber 23 Jahre. F\u00fcr Fahrzeuge der Kategorien F, K-K2, L3, S1-S3 und \u039c betr\u00e4gt das Mindestalter des Fahrers 25 Jahre.<\/p><p><strong>F\u00dcHRERSCHEIN<\/strong>:Der Fahrer muss seit mindestens 3 Jahren im Besitz eines uneingeschr\u00e4nkten F\u00fchrerscheins sein.<\/p><p><strong>Mindestmietdauer<\/strong>: 24 Stunden.29 Minuten nach Ablauf der 24-st\u00fcndigen Mietzeit wird ein zus\u00e4tzlicher Tag berechnet.<\/p><p><strong>GELDBUSSEN<\/strong>: Alle Bu\u00dfgelder und Verwaltungsstrafen sind vom Fahrer zu zahlen.<\/p><p><strong>VERSICHERUNG<\/strong>: Mietwagen, die von einem von Aegean Rentals zugelassenen Fahrer gefahren werden, sind gegen Todes- und Brandsch\u00e4den Dritter versichert.<br \/>SELBSTBETEILIGUNG: Die im Schadensfall zu zahlende Selbstbeteiligung betr\u00e4gt f\u00fcr die folgenden Kategorien:<\/p><p>-200<span lang=\"en\">\u20ac , A , B , C , L, L1<br \/><\/span>-300<span lang=\"en\">\u20ac , D , D1 ,<br \/><\/span>-400<span lang=\"en\">\u20ac , S , K , K1 , D2 , L2<br \/><\/span>-500<span lang=\"en\">\u20ac , E , L3<br \/><\/span>-600<span lang=\"en\">\u20ac , E1 <br \/><\/span>-700<span lang=\"en\">\u20ac , F , <br \/>-800 \u20ac, K2-K3, S1-S3, Q1-Q3 <br \/><\/span><\/p><p><strong>KRAFTSTOFFSERVICEGEB\u00dcHR<\/strong>: 18 \u20ac zzgl. MwSt.<br \/><strong>AUTOVERF\u00dcGBARKEIT<\/strong>: Das Unternehmen beh\u00e4lt sich das Recht vor, die Fahrzeugtypen in jeder Kategorie zu ersetzen.<br \/><strong>ABHOLUNG-LIEFERUNG<\/strong>: Kostenlos f\u00fcr alle Kategorien.<br \/><strong>AUTOAUSFAHRT AUS GRIECHENLAND<\/strong>: Mietwagen d\u00fcrfen ohne vorherige schriftliche Zustimmung von Aegean Rentals nicht au\u00dferhalb der Grenzen Griechenlands gebracht werden.<br \/><strong>SCHIFFSTRANSPORT<\/strong>: Das Auto darf ohne vorherige schriftliche Zustimmung von Aegean Rentals nicht auf ein Schiff verladen werden.<\/p><h5>Versicherungspolicen f\u00fcr Luxusautos<\/h5><p>LUXUSFAHRZEUGE K\u00d6NNEN NUR MIT CDW-VERSICHERUNG GEMIETET WERDEN<\/p><h5>CDW<\/h5><p>Der Mieter ist verantwortlich f\u00fcr die erste<\/p><ul><li>750 Euro f\u00fcr die Kategorie M1, \u039c2,<\/li><li>1.000 Euro f\u00fcr die Kategorien \u039c3, \u039c4, \u039c5, \u039c11, \u039c12, \u039c13<\/li><li>1.500 Euro f\u00fcr die Kategorien M6, M7, M10, M14, M15, M19<\/li><li>2.000 Euro f\u00fcr Kategorie M8, M16<\/li><li>2.500 Euro f\u00fcr Kategorie M17, M18, M20<\/li><li>5.000 Euro f\u00fcr Kategorie M9<\/li><\/ul><p>Der Mieter ist f\u00fcr alle Sch\u00e4den verantwortlich, die durch das Fahrgestell, die Innenfelgen und die Reifen verursacht werden, auch wenn dies der Fall sein sollte.<\/p><p>h\u00f6her sein als das Selbstrisiko. Die CDW-Versicherung gilt nicht, wenn die Sch\u00e4den auf Verst\u00f6\u00dfe gegen die griechische Verkehrsordnung zur\u00fcckzuf\u00fchren sind.<\/p><p>F\u00fcr Fahrzeuge aller Luxuskategorien ist eine Kreditkarte (oder in manchen F\u00e4llen Bargeld) als Sicherheit erforderlich.<\/p><p>Alle Preise verstehen sich pro Tag und beinhalten 241 TP3T Mehrwertsteuer und unbegrenzte Kilometer.<\/p><ul><li>Telefonische Nothilfe rund um die Uhr<\/li><li>24 Stunden Pannenhilfe<\/li><li>Autowechsel im Pannenfall<\/li><li>Vollversicherung<\/li><li>Keine \u00dcberraschungen am Schreibtisch<\/li><li>Unbegrenzte Kilometer<\/li><li>Lieferungen\/Abholungen am Flughafen, Ihrem Hotel oder unseren B\u00fcros<\/li><\/ul><p><em>Hinweis: Bitte fragen Sie unbedingt nach Ihrem bevorzugten Kraftstofftyp, Getriebetyp und allen anderen Details, um die bestm\u00f6gliche Unterst\u00fctzung von unseren erfahrenen Vertretern zu erhalten!<\/em><\/p><p><strong>Stornierung der Buchung<\/strong><br \/>Sobald Ihre Buchung best\u00e4tigt ist, k\u00f6nnen Sie Ihre Reservierung stornieren, indem Sie uns eine E-Mail an info@aegean-rentals.com von derselben E-Mail-Adresse aus senden, unter der Sie die Reservierung vorgenommen haben. Geben Sie dabei Ihren Namen und Ihre Bestellnummer an. Die Bestellnummer erhalten Sie nach Abschluss Ihrer Online-Reservierung per E-Mail-Best\u00e4tigung. <br \/>Sollten Sie diese Informationen nicht sofort zur Hand haben, kontaktieren Sie uns einfach.<\/p><p><strong>Stornierungsbedingungen<\/strong><br \/>Unsere Stornierungsbedingungen variieren je nach Art Ihrer Reservierung:<\/p><p>-Reservierungen mit teilweiser Vorauszahlung<\/p><p>-Vollst\u00e4ndig im Voraus bezahlte Reservierungen<\/p><p>Reservierungen mit teilweiser Vorauszahlung:<\/p><p>Stornierung mehr als 72 Stunden vor der Abholzeit<br \/>Wenn Sie eine teilweise im Voraus bezahlte Reservierung 72 Stunden vor der Abholzeit stornieren, erstatten wir Ihnen die f\u00fcr den Buchungsbetrag gezahlte Anzahlung. Nach der Stornierung schreiben wir Ihnen den Betrag innerhalb von ca. 7 Werktagen gut. Die Gutschrift erfolgt auf dieselbe Karte, mit der Sie im Voraus bezahlt haben.<\/p><p>Stornierung innerhalb von 72 Stunden vor der Abholzeit<br \/>Bei einer Stornierung weniger als 48 Stunden vor der Abholzeit wird die Anzahlung nicht zur\u00fcckerstattet.<\/p><p><strong>Nichterscheinen<\/strong><br \/>Erfolgt die Stornierung nicht bis zum Abholzeitpunkt und wird das Mietfahrzeug am Anmiettag nicht abgeholt, erfolgt eine R\u00fcckerstattung der Kaution.<\/p><p><strong>Vollst\u00e4ndig im Voraus bezahlte Reservierungen:<\/strong><\/p><p>Stornierung mehr als 72 Stunden vor der Abholzeit<br \/>Wenn Sie eine vollst\u00e4ndig im Voraus bezahlte Reservierung 72 Stunden vor der Abholzeit stornieren, erstatten wir Ihnen den im Voraus bezahlten Betrag vollst\u00e4ndig zur\u00fcck. Nach der Stornierung schreiben wir Ihnen den Betrag innerhalb von ca. 7 Werktagen gut. Die Gutschrift erfolgt auf dieselbe Karte, mit der Sie im Voraus bezahlt haben.<\/p><p>Stornierung innerhalb von 72 Stunden vor der Abholzeit<br \/>Bei einer Stornierung weniger als 72 Stunden vor Ihrer Abholzeit werden 50% des vorausbezahlten Betrages zur\u00fcckerstattet.<\/p><p><strong>Nichterscheinen<\/strong><br \/>Erfolgt die Stornierung nicht vor Mietbeginn und wird das Mietfahrzeug am Miettag nicht abgeholt, erfolgt keine R\u00fcckerstattung des anteiligen Vorauszahlungsbetrages.<\/p><p><script src=\"moz-extension:\/\/f1cebbb2-6c96-401e-acee-4671fdf99cfb\/js\/app.js\" type=\"text\/javascript\"><\/script><\/p>\t\t\t\t\t\t\t\t<\/div>\n\t\t\t\t<\/div>\n\t\t\t\t\t<\/div>\n\t\t<\/div>\n\t\t\t\t\t<\/div>\n\t\t<\/section>\n\t\t\t\t<\/div>","protected":false},"excerpt":{"rendered":"<p>Mietbedingungen STARTSEITE Mietbedingungen Was Sie f\u00fcr die Anmietung eines Autos bei uns wissen m\u00fcssen Die folgenden allgemeinen Mietbedingungen gelten f\u00fcr die Anmietung. Bitte beachten Sie, dass die spezifischen Mietbedingungen, die f\u00fcr die Anmietung gelten k\u00f6nnen, im Abschnitt \u201eSpezifische Mietbedingungen\u201c zu finden sind. Aegean Rentals empfiehlt Ihnen dringend, diese sorgf\u00e4ltig zu lesen. [\u2026]<\/p>","protected":false},"author":1,"featured_media":0,"parent":0,"menu_order":0,"comment_status":"closed","ping_status":"closed","template":"elementor_header_footer","meta":{"footnotes":""},"class_list":["post-230","page","type-page","status-publish","hentry"],"blocksy_meta":[],"_links":{"self":[{"href":"https:\/\/aegean-rentals.com\/de\/wp-json\/wp\/v2\/pages\/230","targetHints":{"allow":["GET"]}}],"collection":[{"href":"https:\/\/aegean-rentals.com\/de\/wp-json\/wp\/v2\/pages"}],"about":[{"href":"https:\/\/aegean-rentals.com\/de\/wp-json\/wp\/v2\/types\/page"}],"author":[{"embeddable":true,"href":"https:\/\/aegean-rentals.com\/de\/wp-json\/wp\/v2\/users\/1"}],"replies":[{"embeddable":true,"href":"https:\/\/aegean-rentals.com\/de\/wp-json\/wp\/v2\/comments?post=230"}],"version-history":[{"count":46,"href":"https:\/\/aegean-rentals.com\/de\/wp-json\/wp\/v2\/pages\/230\/revisions"}],"predecessor-version":[{"id":666,"href":"https:\/\/aegean-rentals.com\/de\/wp-json\/wp\/v2\/pages\/230\/revisions\/666"}],"wp:attachment":[{"href":"https:\/\/aegean-rentals.com\/de\/wp-json\/wp\/v2\/media?parent=230"}],"curies":[{"name":"wp","href":"https:\/\/api.w.org\/{rel}","templated":true}]}}