{"id":269,"date":"2023-05-05T16:23:30","date_gmt":"2023-05-05T13:23:30","guid":{"rendered":"https:\/\/trafficrent.marketup.pro\/?page_id=269"},"modified":"2026-04-14T13:02:50","modified_gmt":"2026-04-14T10:02:50","slug":"uber-uns","status":"publish","type":"page","link":"https:\/\/aegean-rentals.com\/de\/uber-uns\/","title":{"rendered":"\u00dcber uns"},"content":{"rendered":"<div data-elementor-type=\"wp-page\" data-elementor-id=\"269\" class=\"elementor elementor-269\" data-elementor-post-type=\"page\">\n\t\t\t\t<div class=\"elementor-element elementor-element-3f3582a e-flex e-con-boxed e-con e-parent\" data-id=\"3f3582a\" data-element_type=\"container\" data-e-type=\"container\" data-settings=\"{&quot;background_background&quot;:&quot;classic&quot;}\">\n\t\t\t\t\t<div class=\"e-con-inner\">\n\t\t<div class=\"elementor-element elementor-element-8ba95fe e-con-full e-flex e-con e-child\" data-id=\"8ba95fe\" data-element_type=\"container\" data-e-type=\"container\">\n\t\t\t\t<div class=\"elementor-element elementor-element-a7148a9 elementor-widget elementor-widget-heading\" data-id=\"a7148a9\" data-element_type=\"widget\" data-e-type=\"widget\" data-widget_type=\"heading.default\">\n\t\t\t\t<div class=\"elementor-widget-container\">\n\t\t\t\t\t<h1 class=\"elementor-heading-title elementor-size-default\">\u00dcber uns<\/h1>\t\t\t\t<\/div>\n\t\t\t\t<\/div>\n\t\t\t\t<div class=\"elementor-element elementor-element-e1f0bdd elementor-icon-list--layout-inline elementor-align-center elementor-list-item-link-full_width elementor-widget elementor-widget-icon-list\" data-id=\"e1f0bdd\" data-element_type=\"widget\" data-e-type=\"widget\" data-widget_type=\"icon-list.default\">\n\t\t\t\t<div class=\"elementor-widget-container\">\n\t\t\t\t\t\t\t<ul class=\"elementor-icon-list-items elementor-inline-items\">\n\t\t\t\t\t\t\t<li class=\"elementor-icon-list-item elementor-inline-item\">\n\t\t\t\t\t\t\t\t\t\t\t<a href=\"https:\/\/aegean-rentals.com\/de\">\n\n\t\t\t\t\t\t\t\t\t\t\t<span class=\"elementor-icon-list-text\">Startseite<\/span>\n\t\t\t\t\t\t\t\t\t\t\t<\/a>\n\t\t\t\t\t\t\t\t\t<\/li>\n\t\t\t\t\t\t\t\t<li class=\"elementor-icon-list-item elementor-inline-item\">\n\t\t\t\t\t\t\t\t\t\t\t<span class=\"elementor-icon-list-icon\">\n\t\t\t\t\t\t\t<i aria-hidden=\"true\" class=\"fas fa-chevron-right\"><\/i>\t\t\t\t\t\t<\/span>\n\t\t\t\t\t\t\t\t\t\t<span class=\"elementor-icon-list-text\">\u00dcber uns<\/span>\n\t\t\t\t\t\t\t\t\t<\/li>\n\t\t\t\t\t\t<\/ul>\n\t\t\t\t\t\t<\/div>\n\t\t\t\t<\/div>\n\t\t\t\t<\/div>\n\t\t\t\t\t<\/div>\n\t\t\t\t<\/div>\n\t\t<div class=\"elementor-element elementor-element-95f3297 e-flex e-con-boxed e-con e-parent\" data-id=\"95f3297\" data-element_type=\"container\" data-e-type=\"container\">\n\t\t\t\t\t<div class=\"e-con-inner\">\n\t\t<div class=\"elementor-element elementor-element-68baf70 e-con-full e-flex e-con e-child\" data-id=\"68baf70\" data-element_type=\"container\" data-e-type=\"container\">\n\t\t\t\t<div class=\"elementor-element elementor-element-d73e9c1 elementor-widget elementor-widget-heading\" data-id=\"d73e9c1\" data-element_type=\"widget\" data-e-type=\"widget\" data-widget_type=\"heading.default\">\n\t\t\t\t<div class=\"elementor-widget-container\">\n\t\t\t\t\t<h2 class=\"elementor-heading-title elementor-size-default\">Kreta Autovermietung<\/h2>\t\t\t\t<\/div>\n\t\t\t\t<\/div>\n\t\t\t\t<div class=\"elementor-element elementor-element-1a89c4c elementor-widget elementor-widget-text-editor\" data-id=\"1a89c4c\" data-element_type=\"widget\" data-e-type=\"widget\" data-widget_type=\"text-editor.default\">\n\t\t\t\t<div class=\"elementor-widget-container\">\n\t\t\t\t\t\t\t\t\t<p>Aegean Rentals ist seit 1986 im Bereich der Autovermietung\/des Mietwagengesch\u00e4fts t\u00e4tig. Von der Gr\u00fcndung des Unternehmens bis heute konzentriert sich unsere Philosophie auf die Aufrechterhaltung einer modernen Flotte hochwertiger Autos und die Bereitstellung von Dienstleistungen h\u00f6chster Qualit\u00e4t. Wir sind in der Lage, unsere Kunden unmittelbar und professionell zu bedienen, indem wir Partnerschaften mit gro\u00dfen Reiseb\u00fcros und Hotels auf ganz Kreta und Mykonos pflegen und gleichzeitig unsere Flotte st\u00e4ndig mit einer Vielzahl konventioneller und luxuri\u00f6ser Modelle erweitern.<\/p>\t\t\t\t\t\t\t\t<\/div>\n\t\t\t\t<\/div>\n\t\t\t\t<\/div>\n\t\t<div class=\"elementor-element elementor-element-2016ea3 e-con-full e-flex e-con e-child\" data-id=\"2016ea3\" data-element_type=\"container\" data-e-type=\"container\" data-settings=\"{&quot;background_background&quot;:&quot;classic&quot;}\">\n\t\t\t\t<div class=\"elementor-element elementor-element-ff206d8 elementor-widget elementor-widget-spacer\" data-id=\"ff206d8\" data-element_type=\"widget\" data-e-type=\"widget\" data-widget_type=\"spacer.default\">\n\t\t\t\t<div class=\"elementor-widget-container\">\n\t\t\t\t\t\t\t<div class=\"elementor-spacer\">\n\t\t\t<div class=\"elementor-spacer-inner\"><\/div>\n\t\t<\/div>\n\t\t\t\t\t\t<\/div>\n\t\t\t\t<\/div>\n\t\t\t\t<\/div>\n\t\t\t\t\t<\/div>\n\t\t\t\t<\/div>\n\t\t<div class=\"elementor-element elementor-element-ec8b09e e-flex e-con-boxed e-con e-parent\" data-id=\"ec8b09e\" data-element_type=\"container\" data-e-type=\"container\" data-settings=\"{&quot;background_background&quot;:&quot;classic&quot;}\">\n\t\t\t\t\t<div class=\"e-con-inner\">\n\t\t<div class=\"elementor-element elementor-element-cab6e6b e-con-full e-flex e-con e-child\" data-id=\"cab6e6b\" data-element_type=\"container\" data-e-type=\"container\">\n\t\t\t\t<div class=\"elementor-element elementor-element-97505fb elementor-widget elementor-widget-heading\" data-id=\"97505fb\" data-element_type=\"widget\" data-e-type=\"widget\" data-widget_type=\"heading.default\">\n\t\t\t\t<div class=\"elementor-widget-container\">\n\t\t\t\t\t<h2 class=\"elementor-heading-title elementor-size-default\">Wie wir arbeiten\n\n<\/h2>\t\t\t\t<\/div>\n\t\t\t\t<\/div>\n\t\t\t\t<div class=\"elementor-element elementor-element-0b04997 elementor-widget elementor-widget-text-editor\" data-id=\"0b04997\" data-element_type=\"widget\" data-e-type=\"widget\" data-widget_type=\"text-editor.default\">\n\t\t\t\t<div class=\"elementor-widget-container\">\n\t\t\t\t\t\t\t\t\t<p>Bei Aegean Rentals nutzen wir unsere langj\u00e4hrige Erfahrung und arbeiten mit Professionalit\u00e4t und Konsequenz. Wir bieten unsere Dienste an den Flugh\u00e4fen von Heraklion, Chania und Mykonos sowie den H\u00e4fen der beiden Inseln an, wir haben einen Serviceschalter in gro\u00dfen Hotels auf Kreta und bieten gleichzeitig die M\u00f6glichkeit der Autolieferung an alle Hotels und Villen auf der Insel. Wir sorgen daf\u00fcr, dass alle unsere Kunden gl\u00fccklich und zufrieden sind, dank der Konstanz bei den Lieferzeiten und dem Service rund um die Uhr durch unser erfahrenes, mehrsprachiges Personal.<\/p>\t\t\t\t\t\t\t\t<\/div>\n\t\t\t\t<\/div>\n\t\t\t\t<\/div>\n\t\t\t\t\t<\/div>\n\t\t\t\t<\/div>\n\t\t<div class=\"elementor-element elementor-element-52c0864 e-flex e-con-boxed e-con e-parent\" data-id=\"52c0864\" data-element_type=\"container\" data-e-type=\"container\">\n\t\t\t\t\t<div class=\"e-con-inner\">\n\t\t<div class=\"elementor-element elementor-element-2532f7c e-con-full e-flex e-con e-child\" data-id=\"2532f7c\" data-element_type=\"container\" data-e-type=\"container\">\n\t\t\t\t<div class=\"elementor-element elementor-element-fb02b3d elementor-widget elementor-widget-heading\" data-id=\"fb02b3d\" data-element_type=\"widget\" data-e-type=\"widget\" data-widget_type=\"heading.default\">\n\t\t\t\t<div class=\"elementor-widget-container\">\n\t\t\t\t\t<h2 class=\"elementor-heading-title elementor-size-default\">B\u00fcros\n\n<\/h2>\t\t\t\t<\/div>\n\t\t\t\t<\/div>\n\t\t\t\t<div class=\"elementor-element elementor-element-3605bd3 elementor-widget elementor-widget-text-editor\" data-id=\"3605bd3\" data-element_type=\"widget\" data-e-type=\"widget\" data-widget_type=\"text-editor.default\">\n\t\t\t\t<div class=\"elementor-widget-container\">\n\t\t\t\t\t\t\t\t\t<p>Aegean Rentals verf\u00fcgt \u00fcber Niederlassungen auf zwei der beliebtesten griechischen Inseln: Kreta und Mykonos. Das Netzwerk aus Niederlassungen und Servicestellen erstreckt sich \u00fcber die Inseln und bedient die Flugh\u00e4fen von Heraklion, Chania und Mykonos, die jeweiligen H\u00e4fen sowie gro\u00dfe Hotels, Villen usw. Unsere Niederlassungen sind rund um die Uhr ge\u00f6ffnet, um Ihre Bed\u00fcrfnisse direkt, zuverl\u00e4ssig und professionell zu erf\u00fcllen.<\/p>\t\t\t\t\t\t\t\t<\/div>\n\t\t\t\t<\/div>\n\t\t<div class=\"elementor-element elementor-element-4de4ad3 e-con-full e-flex e-con e-child\" data-id=\"4de4ad3\" data-element_type=\"container\" data-e-type=\"container\">\n\t\t<div class=\"elementor-element elementor-element-fc88653 e-con-full e-flex e-con e-child\" data-id=\"fc88653\" data-element_type=\"container\" data-e-type=\"container\">\n\t\t\t\t<div class=\"elementor-element elementor-element-5c70aea elementor-widget elementor-widget-heading\" data-id=\"5c70aea\" data-element_type=\"widget\" data-e-type=\"widget\" data-widget_type=\"heading.default\">\n\t\t\t\t<div class=\"elementor-widget-container\">\n\t\t\t\t\t<h2 class=\"elementor-heading-title elementor-size-default\">Flughafen Heraklion\n\n<\/h2>\t\t\t\t<\/div>\n\t\t\t\t<\/div>\n\t\t\t\t<div class=\"elementor-element elementor-element-38b50dd elementor-widget elementor-widget-google_maps\" data-id=\"38b50dd\" data-element_type=\"widget\" data-e-type=\"widget\" data-widget_type=\"google_maps.default\">\n\t\t\t\t<div class=\"elementor-widget-container\">\n\t\t\t\t\t\t\t<div class=\"elementor-custom-embed\">\n\t\t\t<iframe loading=\"lazy\"\n\t\t\t\t\tsrc=\"https:\/\/maps.google.com\/maps?q=heraklion%20airport&#038;t=m&#038;z=10&#038;output=embed&#038;iwloc=near\"\n\t\t\t\t\ttitle=\"Flughafen Heraklion\"\n\t\t\t\t\taria-label=\"Flughafen Heraklion\"\n\t\t\t><\/iframe>\n\t\t<\/div>\n\t\t\t\t\t\t<\/div>\n\t\t\t\t<\/div>\n\t\t\t\t<\/div>\n\t\t\t\t<\/div>\n\t\t<div class=\"elementor-element elementor-element-3ff0765 e-con-full e-flex e-con e-child\" data-id=\"3ff0765\" data-element_type=\"container\" data-e-type=\"container\">\n\t\t<div class=\"elementor-element elementor-element-fccd0a1 e-con-full e-flex e-con e-child\" data-id=\"fccd0a1\" data-element_type=\"container\" data-e-type=\"container\">\n\t\t\t\t<div class=\"elementor-element elementor-element-f6e5999 elementor-widget elementor-widget-heading\" data-id=\"f6e5999\" data-element_type=\"widget\" data-e-type=\"widget\" data-widget_type=\"heading.default\">\n\t\t\t\t<div class=\"elementor-widget-container\">\n\t\t\t\t\t<h2 class=\"elementor-heading-title elementor-size-default\"><a href=\"https:\/\/www.google.com\/maps\/place\/Traffic+rent+a+car\/@35.517787,23.9169803,17z\/data=!3m1!4b1!4m5!3m4!1s0x0:0x6e0f615fa09db3c1!8m2!3d35.517787!4d23.919169\" target=\"_blank\" rel=\"nofollow noopener\">Flughafen Chania\n\n<\/a><\/h2>\t\t\t\t<\/div>\n\t\t\t\t<\/div>\n\t\t\t\t<div class=\"elementor-element elementor-element-94fa02c elementor-widget elementor-widget-google_maps\" data-id=\"94fa02c\" data-element_type=\"widget\" data-e-type=\"widget\" data-widget_type=\"google_maps.default\">\n\t\t\t\t<div class=\"elementor-widget-container\">\n\t\t\t\t\t\t\t<div class=\"elementor-custom-embed\">\n\t\t\t<iframe loading=\"lazy\"\n\t\t\t\t\tsrc=\"https:\/\/maps.google.com\/maps?q=aiport%20chania%2C%20crete&#038;t=m&#038;z=10&#038;output=embed&#038;iwloc=near\"\n\t\t\t\t\ttitle=\"Flughafen Chania, Kreta\"\n\t\t\t\t\taria-label=\"Flughafen Chania, Kreta\"\n\t\t\t><\/iframe>\n\t\t<\/div>\n\t\t\t\t\t\t<\/div>\n\t\t\t\t<\/div>\n\t\t\t\t<\/div>\n\t\t\t\t<\/div>\n\t\t\t\t<\/div>\n\t\t\t\t\t<\/div>\n\t\t\t\t<\/div>\n\t\t\t\t<\/div>","protected":false},"excerpt":{"rendered":"<p>\u00dcber uns STARTSEITE \u00dcBER UNS Autovermietung Kreta Aegean Rentals ist seit 1986 im Bereich Autovermietung t\u00e4tig. Von der Gr\u00fcndung des Unternehmens bis heute konzentriert sich unsere Philosophie auf die Bereitstellung einer modernen Flotte hochwertiger Fahrzeuge und erstklassigen Service. Wir k\u00f6nnen unseren Kunden [\u2026]<\/p>","protected":false},"author":1,"featured_media":0,"parent":0,"menu_order":0,"comment_status":"closed","ping_status":"closed","template":"elementor_header_footer","meta":{"footnotes":""},"class_list":["post-269","page","type-page","status-publish","hentry"],"blocksy_meta":[],"_links":{"self":[{"href":"https:\/\/aegean-rentals.com\/de\/wp-json\/wp\/v2\/pages\/269","targetHints":{"allow":["GET"]}}],"collection":[{"href":"https:\/\/aegean-rentals.com\/de\/wp-json\/wp\/v2\/pages"}],"about":[{"href":"https:\/\/aegean-rentals.com\/de\/wp-json\/wp\/v2\/types\/page"}],"author":[{"embeddable":true,"href":"https:\/\/aegean-rentals.com\/de\/wp-json\/wp\/v2\/users\/1"}],"replies":[{"embeddable":true,"href":"https:\/\/aegean-rentals.com\/de\/wp-json\/wp\/v2\/comments?post=269"}],"version-history":[{"count":49,"href":"https:\/\/aegean-rentals.com\/de\/wp-json\/wp\/v2\/pages\/269\/revisions"}],"predecessor-version":[{"id":1038,"href":"https:\/\/aegean-rentals.com\/de\/wp-json\/wp\/v2\/pages\/269\/revisions\/1038"}],"wp:attachment":[{"href":"https:\/\/aegean-rentals.com\/de\/wp-json\/wp\/v2\/media?parent=269"}],"curies":[{"name":"wp","href":"https:\/\/api.w.org\/{rel}","templated":true}]}}