{"id":738,"date":"2024-03-06T11:13:38","date_gmt":"2024-03-06T09:13:38","guid":{"rendered":"https:\/\/aegean-rentals.com\/?page_id=738"},"modified":"2025-04-17T00:20:15","modified_gmt":"2025-04-16T21:20:15","slug":"versicherungspolice","status":"publish","type":"page","link":"https:\/\/aegean-rentals.com\/de\/versicherungspolice\/","title":{"rendered":"Versicherungspolice"},"content":{"rendered":"<div data-elementor-type=\"wp-page\" data-elementor-id=\"738\" class=\"elementor elementor-738\" data-elementor-post-type=\"page\">\n\t\t\t\t\t\t<section class=\"elementor-section elementor-top-section elementor-element elementor-element-6fae5ff elementor-section-boxed elementor-section-height-default elementor-section-height-default\" data-id=\"6fae5ff\" data-element_type=\"section\" data-e-type=\"section\" data-settings=\"{&quot;background_background&quot;:&quot;classic&quot;}\">\n\t\t\t\t\t\t<div class=\"elementor-container elementor-column-gap-default\">\n\t\t\t\t\t<div class=\"elementor-column elementor-col-100 elementor-top-column elementor-element elementor-element-0d48e01\" data-id=\"0d48e01\" data-element_type=\"column\" data-e-type=\"column\">\n\t\t\t<div class=\"elementor-widget-wrap elementor-element-populated\">\n\t\t\t\t\t\t<div class=\"elementor-element elementor-element-129a56e elementor-widget elementor-widget-heading\" data-id=\"129a56e\" data-element_type=\"widget\" data-e-type=\"widget\" data-widget_type=\"heading.default\">\n\t\t\t\t<div class=\"elementor-widget-container\">\n\t\t\t\t\t<h1 class=\"elementor-heading-title elementor-size-default\">Versicherungspolice<\/h1>\t\t\t\t<\/div>\n\t\t\t\t<\/div>\n\t\t\t\t<div class=\"elementor-element elementor-element-0c97062 elementor-icon-list--layout-inline elementor-align-center elementor-list-item-link-full_width elementor-widget elementor-widget-icon-list\" data-id=\"0c97062\" data-element_type=\"widget\" data-e-type=\"widget\" data-widget_type=\"icon-list.default\">\n\t\t\t\t<div class=\"elementor-widget-container\">\n\t\t\t\t\t\t\t<ul class=\"elementor-icon-list-items elementor-inline-items\">\n\t\t\t\t\t\t\t<li class=\"elementor-icon-list-item elementor-inline-item\">\n\t\t\t\t\t\t\t\t\t\t\t<a href=\"https:\/\/aegean-rentals.com\/de\">\n\n\t\t\t\t\t\t\t\t\t\t\t<span class=\"elementor-icon-list-text\">Startseite<\/span>\n\t\t\t\t\t\t\t\t\t\t\t<\/a>\n\t\t\t\t\t\t\t\t\t<\/li>\n\t\t\t\t\t\t\t\t<li class=\"elementor-icon-list-item elementor-inline-item\">\n\t\t\t\t\t\t\t\t\t\t\t<span class=\"elementor-icon-list-icon\">\n\t\t\t\t\t\t\t<i aria-hidden=\"true\" class=\"fas fa-chevron-right\"><\/i>\t\t\t\t\t\t<\/span>\n\t\t\t\t\t\t\t\t\t\t<span class=\"elementor-icon-list-text\">VERSICHERUNGSPOLICE<\/span>\n\t\t\t\t\t\t\t\t\t<\/li>\n\t\t\t\t\t\t<\/ul>\n\t\t\t\t\t\t<\/div>\n\t\t\t\t<\/div>\n\t\t\t\t\t<\/div>\n\t\t<\/div>\n\t\t\t\t\t<\/div>\n\t\t<\/section>\n\t\t\t\t<section class=\"elementor-section elementor-top-section elementor-element elementor-element-c1aa328 elementor-section-boxed elementor-section-height-default elementor-section-height-default\" data-id=\"c1aa328\" data-element_type=\"section\" data-e-type=\"section\">\n\t\t\t\t\t\t<div class=\"elementor-container elementor-column-gap-default\">\n\t\t\t\t\t<div class=\"elementor-column elementor-col-100 elementor-top-column elementor-element elementor-element-1c08e1b\" data-id=\"1c08e1b\" data-element_type=\"column\" data-e-type=\"column\">\n\t\t\t<div class=\"elementor-widget-wrap elementor-element-populated\">\n\t\t\t\t\t\t<div class=\"elementor-element elementor-element-ce02602 elementor-widget elementor-widget-text-editor\" data-id=\"ce02602\" data-element_type=\"widget\" data-e-type=\"widget\" data-widget_type=\"text-editor.default\">\n\t\t\t\t<div class=\"elementor-widget-container\">\n\t\t\t\t\t\t\t\t\t<p>\"<\/p><h3 data-start=\"115\" data-end=\"181\"><strong data-start=\"119\" data-end=\"181\">Standard-Versicherungspaket \u2013 Vollkaskoversicherung (CDW)<\/strong><\/h3><p data-start=\"183\" data-end=\"433\">Die Vollkaskoversicherung (CDW) ist <strong data-start=\"216\" data-end=\"248\">im Mietpreis enthalten<\/strong> und begrenzt die finanzielle Haftung des Mieters f\u00fcr Sch\u00e4den am Fahrzeug auf einen bestimmten <strong data-start=\"342\" data-end=\"359\">\u00dcberschussbetrag<\/strong> (auch Selbstbeteiligung genannt). Die H\u00f6he der Selbstbeteiligung h\u00e4ngt von der Fahrzeugkategorie ab:<\/p><ul data-start=\"435\" data-end=\"671\"><li data-start=\"435\" data-end=\"459\"><p data-start=\"437\" data-end=\"459\"><strong data-start=\"437\" data-end=\"452\">Gruppe A, B:<\/strong> \u20ac800<\/p><\/li><li data-start=\"460\" data-end=\"489\"><p data-start=\"462\" data-end=\"489\"><strong data-start=\"462\" data-end=\"482\">Gruppe C, C1, L1:<\/strong> \u20ac900<\/p><\/li><li data-start=\"490\" data-end=\"517\"><p data-start=\"492\" data-end=\"517\"><strong data-start=\"492\" data-end=\"508\">Gruppe D, N2:<\/strong> \u20ac1,000<\/p><\/li><li data-start=\"518\" data-end=\"545\"><p data-start=\"520\" data-end=\"545\"><strong data-start=\"520\" data-end=\"536\">Gruppe K, K1:<\/strong> \u20ac1,100<\/p><\/li><li data-start=\"546\" data-end=\"570\"><p data-start=\"548\" data-end=\"570\"><strong data-start=\"548\" data-end=\"561\">Gruppe D2:<\/strong> \u20ac1,200<\/p><\/li><li data-start=\"571\" data-end=\"610\"><p data-start=\"573\" data-end=\"610\"><strong data-start=\"573\" data-end=\"601\">Gruppe L3, S1, S2, E, E1:<\/strong> \u20ac1,300<\/p><\/li><li data-start=\"611\" data-end=\"646\"><p data-start=\"613\" data-end=\"646\"><strong data-start=\"613\" data-end=\"637\">Gruppe S3, K2, K3, F:<\/strong>\u00a01,600<\/p><\/li><li data-start=\"647\" data-end=\"671\"><p data-start=\"649\" data-end=\"671\"><strong data-start=\"649\" data-end=\"662\">Gruppe S4:<\/strong> \u20ac1,800<\/p><\/li><\/ul><hr data-start=\"673\" data-end=\"676\" \/><h3 data-start=\"678\" data-end=\"707\"><strong data-start=\"682\" data-end=\"707\">Kautionsrichtlinie<\/strong><\/h3><ul><li data-start=\"709\" data-end=\"793\"><p data-start=\"711\" data-end=\"793\">Der <strong data-start=\"715\" data-end=\"744\">Der \u00fcbersch\u00fcssige Betrag wird reserviert<\/strong> (vorautorisiert) f\u00fcr die Dauer der Anmietung.<\/p><\/li><li data-start=\"794\" data-end=\"850\"><p data-start=\"796\" data-end=\"850\">Dies kann erfolgen \u00fcber <strong data-start=\"817\" data-end=\"849\">Kredit-\/Debitkarte oder in bar<\/strong>.<\/p><\/li><li data-start=\"851\" data-end=\"913\"><p data-start=\"853\" data-end=\"913\">Die Zahlungsmethode <strong data-start=\"872\" data-end=\"912\">muss auf den Namen des Fahrers lauten<\/strong>.<\/p><\/li><li data-start=\"914\" data-end=\"1004\"><p data-start=\"916\" data-end=\"1004\">Der volle Betrag wird <strong data-start=\"940\" data-end=\"977\">am Ende der Miete zur\u00fcckerstattet<\/strong> sofern kein Schaden entstanden ist.<\/p><\/li><\/ul><h3><b>Komplettes Versicherungspaket<\/b><\/h3><ul><li><p data-start=\"124\" data-end=\"244\">Fahren Sie mit der Gewissheit, dass Sie gegen die meisten unerwarteten Ereignisse gesch\u00fctzt sind, mit <strong data-start=\"208\" data-end=\"234\">keine Selbstbeteiligung<\/strong> erforderlich.<\/p><hr data-start=\"246\" data-end=\"249\" \/><h3 data-start=\"251\" data-end=\"316\"><strong data-start=\"255\" data-end=\"316\">Vollkaskoversicherung und Vollkaskoschutz (FDW &amp; WUG)<\/strong><\/h3><ul data-start=\"317\" data-end=\"573\"><li data-start=\"317\" data-end=\"469\"><p data-start=\"319\" data-end=\"337\">Deckt Sch\u00e4den ab an:<\/p><ul data-start=\"340\" data-end=\"469\"><li data-start=\"340\" data-end=\"372\"><p data-start=\"342\" data-end=\"372\"><strong data-start=\"342\" data-end=\"355\">Unterseite<\/strong> des Fahrzeugs<\/p><\/li><li data-start=\"375\" data-end=\"406\"><p data-start=\"377\" data-end=\"406\"><strong data-start=\"377\" data-end=\"404\">Windschutzscheiben und Fenster<\/strong><\/p><\/li><li data-start=\"409\" data-end=\"433\"><p data-start=\"411\" data-end=\"433\"><strong data-start=\"411\" data-end=\"431\">Reifen und R\u00e4der<\/strong><\/p><\/li><li data-start=\"436\" data-end=\"469\"><p data-start=\"438\" data-end=\"469\"><strong data-start=\"438\" data-end=\"469\">Motor und mechanische Teile<\/strong><\/p><\/li><\/ul><\/li><li data-start=\"470\" data-end=\"573\"><p data-start=\"472\" data-end=\"573\">Angebote <strong data-start=\"479\" data-end=\"498\">Voller Schutz<\/strong> gegen Unfallsch\u00e4den, damit Sie Ihre Reise sorgenfreier genie\u00dfen k\u00f6nnen.<\/p><\/li><\/ul><hr data-start=\"575\" data-end=\"578\" \/><h3 data-start=\"580\" data-end=\"609\"><strong data-start=\"584\" data-end=\"609\">Diebstahlschutz (TP)<\/strong><\/h3><ul data-start=\"610\" data-end=\"765\"><li data-start=\"610\" data-end=\"695\"><p data-start=\"612\" data-end=\"695\">Abdeckungen <strong data-start=\"619\" data-end=\"636\">Fahrzeugdiebstahl<\/strong>, ausgenommen Vorf\u00e4lle aufgrund von <strong data-start=\"673\" data-end=\"694\">Fahrl\u00e4ssigkeit des Fahrers<\/strong>.<\/p><\/li><li data-start=\"696\" data-end=\"765\"><p data-start=\"698\" data-end=\"765\">Hilft, im Falle eines Fahrzeugdiebstahls finanziellen Schutz zu gew\u00e4hrleisten.<\/p><\/li><\/ul><hr data-start=\"767\" data-end=\"770\" \/><h3 data-start=\"772\" data-end=\"811\"><strong data-start=\"776\" data-end=\"811\">Haftpflichtversicherung (PL)<\/strong><\/h3><ul data-start=\"812\" data-end=\"1019\"><li data-start=\"812\" data-end=\"930\"><p data-start=\"814\" data-end=\"846\">Deckt bis zu <strong data-start=\"827\" data-end=\"841\">\u20ac1,000,000<\/strong> f\u00fcr:<\/p><ul data-start=\"849\" data-end=\"930\"><li data-start=\"849\" data-end=\"887\"><p data-start=\"851\" data-end=\"887\"><strong data-start=\"851\" data-end=\"868\">K\u00f6rperverletzung<\/strong> an Dritte<\/p><\/li><li data-start=\"890\" data-end=\"930\"><p data-start=\"892\" data-end=\"930\"><strong data-start=\"892\" data-end=\"911\">Sachsch\u00e4den<\/strong> anderen zugef\u00fcgt<\/p><\/li><\/ul><\/li><li data-start=\"931\" data-end=\"1019\"><p data-start=\"933\" data-end=\"1019\">Bietet wichtigen Schutz im Falle eines Unfalls, an dem andere Personen oder Fahrzeuge beteiligt sind.<\/p><\/li><\/ul><hr data-start=\"1021\" data-end=\"1024\" \/><h3 data-start=\"1026\" data-end=\"1067\"><strong data-start=\"1030\" data-end=\"1067\">Pers\u00f6nliche Unfallversicherung (PAI)<\/strong><\/h3><ul data-start=\"1068\" data-end=\"1253\"><li data-start=\"1068\" data-end=\"1146\"><p data-start=\"1070\" data-end=\"1146\"><strong data-start=\"1070\" data-end=\"1084\">Passagiere<\/strong> sind abgedeckt bis <strong data-start=\"1103\" data-end=\"1117\">\u20ac1,000,000<\/strong> f\u00fcr verletzungsbedingte Kosten.<\/p><\/li><li data-start=\"1147\" data-end=\"1193\"><p data-start=\"1149\" data-end=\"1193\">Der <strong data-start=\"1153\" data-end=\"1163\">Treiber<\/strong> ist abgedeckt bis <strong data-start=\"1181\" data-end=\"1192\">\u20ac15,000<\/strong>.<\/p><\/li><li data-start=\"1194\" data-end=\"1253\"><p data-start=\"1196\" data-end=\"1253\">Sorgt f\u00fcr zus\u00e4tzlichen Schutz aller Insassen des Fahrzeugs.<\/p><h3 data-start=\"123\" data-end=\"171\"><strong data-start=\"127\" data-end=\"171\">Super-Haftpflichtversicherung (SCDW)<\/strong><\/h3><p data-start=\"173\" data-end=\"392\">F\u00fcr bestimmte Fahrzeugkategorien, die <strong data-start=\"209\" data-end=\"240\">bieten keine Vollkaskoversicherung an<\/strong>, Die <strong data-start=\"246\" data-end=\"265\">SCDW-Option<\/strong> ist verf\u00fcgbar. Dieses Upgrade reduziert die finanzielle Haftung des Mieters (<strong data-start=\"335\" data-end=\"345\">\u00dcberschuss<\/strong>) im Schadensfall durch Zahlung einer <strong data-start=\"378\" data-end=\"391\">Tagesgeb\u00fchr<\/strong>.<\/p><p data-start=\"394\" data-end=\"473\">SCDW ist f\u00fcr die folgenden Kategorien mit reduzierten Selbstbeteiligungsbetr\u00e4gen verf\u00fcgbar:<\/p><ul data-start=\"475\" data-end=\"557\"><li data-start=\"475\" data-end=\"500\"><p data-start=\"477\" data-end=\"500\"><strong data-start=\"477\" data-end=\"493\">Gruppe E, E1:<\/strong> \u20ac400<\/p><\/li><li data-start=\"501\" data-end=\"531\"><p data-start=\"503\" data-end=\"531\"><strong data-start=\"503\" data-end=\"524\">Gruppe S3, K2, K3:<\/strong> \u20ac600<\/p><\/li><li data-start=\"532\" data-end=\"557\"><p data-start=\"534\" data-end=\"557\"><strong data-start=\"534\" data-end=\"550\">Gruppe S4, F:<\/strong> \u20ac800<\/p><\/li><\/ul><blockquote data-start=\"559\" data-end=\"679\"><p data-start=\"561\" data-end=\"679\">Diese Option bietet Mietern von Fahrzeugen h\u00f6herer Kategorien, f\u00fcr die keine Vollkaskoversicherung verf\u00fcgbar ist, zus\u00e4tzliche Sicherheit.<\/p><\/blockquote><\/li><\/ul><p style=\"margin-block: 0px 0.9rem; font-size: 16px; text-align: start;\">\u00a0<\/p><p><span style=\"color: #000000;\">\u00a0<\/span><\/p><p><span style=\"font-family: inherit; font-size: inherit; font-style: inherit; font-variant-ligatures: inherit; font-variant-caps: inherit; letter-spacing: var(--theme-letter-spacing); text-transform: var(--theme-text-transform); background-color: var(--theme-palette-color-8);\"><span style=\"color: var(--theme-text-color); font-weight: bold;\"><br \/><br \/><\/span><\/span><\/p><h3 data-start=\"92\" data-end=\"122\">\u00a0<\/h3><\/li><\/ul><p style=\"margin-bottom: var(--theme-content-spacing); font-size: 16px; text-align: start;\">\u00a0<\/p>\t\t\t\t\t\t\t\t<\/div>\n\t\t\t\t<\/div>\n\t\t\t\t\t<\/div>\n\t\t<\/div>\n\t\t\t\t\t<\/div>\n\t\t<\/section>\n\t\t\t\t<\/div>","protected":false},"excerpt":{"rendered":"<p>Hausratversicherung \u2013 Standard-Versicherungspaket \u2013 Vollkaskoschutz (CDW) Der Vollkaskoschutz (CDW) ist im Mietpreis enthalten und begrenzt die finanzielle Haftung des Mieters f\u00fcr Sch\u00e4den am Fahrzeug bis zu einem bestimmten Selbstbehalt. Die H\u00f6he des Selbstbehalts h\u00e4ngt von der Fahrzeugkategorie ab: Gruppe A, [\u2026]<\/p>","protected":false},"author":1,"featured_media":0,"parent":0,"menu_order":0,"comment_status":"closed","ping_status":"closed","template":"elementor_header_footer","meta":{"footnotes":""},"class_list":["post-738","page","type-page","status-publish","hentry"],"blocksy_meta":[],"_links":{"self":[{"href":"https:\/\/aegean-rentals.com\/de\/wp-json\/wp\/v2\/pages\/738","targetHints":{"allow":["GET"]}}],"collection":[{"href":"https:\/\/aegean-rentals.com\/de\/wp-json\/wp\/v2\/pages"}],"about":[{"href":"https:\/\/aegean-rentals.com\/de\/wp-json\/wp\/v2\/types\/page"}],"author":[{"embeddable":true,"href":"https:\/\/aegean-rentals.com\/de\/wp-json\/wp\/v2\/users\/1"}],"replies":[{"embeddable":true,"href":"https:\/\/aegean-rentals.com\/de\/wp-json\/wp\/v2\/comments?post=738"}],"version-history":[{"count":29,"href":"https:\/\/aegean-rentals.com\/de\/wp-json\/wp\/v2\/pages\/738\/revisions"}],"predecessor-version":[{"id":892,"href":"https:\/\/aegean-rentals.com\/de\/wp-json\/wp\/v2\/pages\/738\/revisions\/892"}],"wp:attachment":[{"href":"https:\/\/aegean-rentals.com\/de\/wp-json\/wp\/v2\/media?parent=738"}],"curies":[{"name":"wp","href":"https:\/\/api.w.org\/{rel}","templated":true}]}}