{"id":230,"date":"2023-05-05T15:58:23","date_gmt":"2023-05-05T12:58:23","guid":{"rendered":"https:\/\/trafficrent.marketup.pro\/?page_id=230"},"modified":"2023-12-28T20:14:00","modified_gmt":"2023-12-28T18:14:00","slug":"politique-de-location","status":"publish","type":"page","link":"https:\/\/aegean-rentals.com\/fr\/politique-de-location\/","title":{"rendered":"Politique de location"},"content":{"rendered":"<div data-elementor-type=\"wp-page\" data-elementor-id=\"230\" class=\"elementor elementor-230\" data-elementor-post-type=\"page\">\n\t\t\t\t\t\t<section class=\"elementor-section elementor-top-section elementor-element elementor-element-eca0794 elementor-section-boxed elementor-section-height-default elementor-section-height-default\" data-id=\"eca0794\" data-element_type=\"section\" data-e-type=\"section\" data-settings=\"{&quot;background_background&quot;:&quot;classic&quot;}\">\n\t\t\t\t\t\t<div class=\"elementor-container elementor-column-gap-default\">\n\t\t\t\t\t<div class=\"elementor-column elementor-col-100 elementor-top-column elementor-element elementor-element-bfdaeed\" data-id=\"bfdaeed\" data-element_type=\"column\" data-e-type=\"column\">\n\t\t\t<div class=\"elementor-widget-wrap elementor-element-populated\">\n\t\t\t\t\t\t<div class=\"elementor-element elementor-element-b78167c elementor-widget elementor-widget-heading\" data-id=\"b78167c\" data-element_type=\"widget\" data-e-type=\"widget\" data-widget_type=\"heading.default\">\n\t\t\t\t<div class=\"elementor-widget-container\">\n\t\t\t\t\t<h1 class=\"elementor-heading-title elementor-size-default\">Politique de location<\/h1>\t\t\t\t<\/div>\n\t\t\t\t<\/div>\n\t\t\t\t<div class=\"elementor-element elementor-element-1a43fe2 elementor-icon-list--layout-inline elementor-align-center elementor-list-item-link-full_width elementor-widget elementor-widget-icon-list\" data-id=\"1a43fe2\" data-element_type=\"widget\" data-e-type=\"widget\" data-widget_type=\"icon-list.default\">\n\t\t\t\t<div class=\"elementor-widget-container\">\n\t\t\t\t\t\t\t<ul class=\"elementor-icon-list-items elementor-inline-items\">\n\t\t\t\t\t\t\t<li class=\"elementor-icon-list-item elementor-inline-item\">\n\t\t\t\t\t\t\t\t\t\t\t<a href=\"https:\/\/aegean-rentals.com\/fr\">\n\n\t\t\t\t\t\t\t\t\t\t\t<span class=\"elementor-icon-list-text\">MAISON<\/span>\n\t\t\t\t\t\t\t\t\t\t\t<\/a>\n\t\t\t\t\t\t\t\t\t<\/li>\n\t\t\t\t\t\t\t\t<li class=\"elementor-icon-list-item elementor-inline-item\">\n\t\t\t\t\t\t\t\t\t\t\t<span class=\"elementor-icon-list-icon\">\n\t\t\t\t\t\t\t<i aria-hidden=\"true\" class=\"fas fa-chevron-right\"><\/i>\t\t\t\t\t\t<\/span>\n\t\t\t\t\t\t\t\t\t\t<span class=\"elementor-icon-list-text\">Politique de location<\/span>\n\t\t\t\t\t\t\t\t\t<\/li>\n\t\t\t\t\t\t<\/ul>\n\t\t\t\t\t\t<\/div>\n\t\t\t\t<\/div>\n\t\t\t\t\t<\/div>\n\t\t<\/div>\n\t\t\t\t\t<\/div>\n\t\t<\/section>\n\t\t\t\t<section class=\"elementor-section elementor-top-section elementor-element elementor-element-a0b6785 elementor-section-boxed elementor-section-height-default elementor-section-height-default\" data-id=\"a0b6785\" data-element_type=\"section\" data-e-type=\"section\">\n\t\t\t\t\t\t<div class=\"elementor-container elementor-column-gap-no\">\n\t\t\t\t\t<div class=\"elementor-column elementor-col-100 elementor-top-column elementor-element elementor-element-69404e7\" data-id=\"69404e7\" data-element_type=\"column\" data-e-type=\"column\">\n\t\t\t<div class=\"elementor-widget-wrap elementor-element-populated\">\n\t\t\t\t\t\t<div class=\"elementor-element elementor-element-e26de39 elementor-widget elementor-widget-text-editor\" data-id=\"e26de39\" data-element_type=\"widget\" data-e-type=\"widget\" data-widget_type=\"text-editor.default\">\n\t\t\t\t<div class=\"elementor-widget-container\">\n\t\t\t\t\t\t\t\t\t<h5>Ce que vous devez savoir pour louer une voiture avec nous<\/h5><p>Les conditions g\u00e9n\u00e9rales de location suivantes s&#039;appliquent \u00e0 la location. Veuillez noter que les conditions particuli\u00e8res de location pouvant s&#039;appliquer \u00e0 la location sont disponibles dans la rubrique conditions particuli\u00e8res de location. Aegean Rentals vous recommande vivement de lire attentivement les conditions g\u00e9n\u00e9rales de location ainsi que les conditions particuli\u00e8res applicables \u00e0 la location. Aegean Rentals vous recommande \u00e9galement fortement de lire attentivement les termes et conditions mentionn\u00e9s dans le contrat de location que vous avez sign\u00e9 \u00e0 l&#039;agence Aegean Rentals avant le d\u00e9part. Afin de faciliter le processus de location, les conditions g\u00e9n\u00e9rales d&#039;Aegean Rentals sont disponibles dans la langue locale et en anglais.<\/p><h5>Conditions g\u00e9n\u00e9rales<\/h5><p><strong>\u00c2GE DU CONDUCTEUR<\/strong>: L&#039;\u00e2ge minimum du conducteur pour les titulaires d&#039;une carte de cr\u00e9dit est de 21 ans et pour les non-titulaires de 23 ans. Pour les voitures des cat\u00e9gories F, K-K2, L3, S1-S3 et \u039c, l&#039;\u00e2ge minimum du conducteur est de 25 ans.<\/p><p><strong>PERMIS DE CONDUIRE<\/strong>:Le conducteur doit \u00eatre titulaire d&#039;un permis de conduire complet depuis au moins 3 ans.<\/p><p><strong>DUR\u00c9E MINIMALE DE LOCATION<\/strong>: 24 heures. 29 minutes apr\u00e8s la fin de la p\u00e9riode de location de 24 heures, une journ\u00e9e suppl\u00e9mentaire sera factur\u00e9e.<\/p><p><strong>AMENDES<\/strong>: Toutes les amendes et p\u00e9nalit\u00e9s administratives sont \u00e0 la charge du conducteur.<\/p><p><strong>ASSURANCE<\/strong>: Les voitures lou\u00e9es conduites par un chauffeur agr\u00e9\u00e9 Aegean Rentals sont assur\u00e9es contre le d\u00e9c\u00e8s des tiers et les dommages caus\u00e9s par l&#039;incendie.<br \/>Franchise d&#039;assurance\u00a0: Le montant de la franchise payable en cas de sinistre est tel qu&#039;indiqu\u00e9 ici pour les cat\u00e9gories suivantes\u00a0:<\/p><p>-200<span lang=\"en\">\u20ac , A , B , C , L, L1<br \/><\/span>-300<span lang=\"en\">\u20ac , J , D1 ,<br \/><\/span>-400<span lang=\"en\">\u20ac , S , K , K1 , D2 , L2<br \/><\/span>-500<span lang=\"en\">\u20ac , E , L3<br \/><\/span>-600<span lang=\"en\">\u20ac , E1 <br \/><\/span>-700<span lang=\"en\">\u20ac , F , <br \/>-800\u20ac , K2-K3, S1-S3, Q1-Q3 <br \/><\/span><\/p><p><strong>FRAIS DE SERVICE DE CARBURANT<\/strong>: 18 \u20ac + TVA<br \/><strong>DISPONIBILIT\u00c9 DES VOITURES<\/strong>: La soci\u00e9t\u00e9 se r\u00e9serve le droit de remplacer les types de voitures dans chaque cat\u00e9gorie.<br \/><strong>COLLECTE-LIVRAISON<\/strong>: Gratuit pour toutes les cat\u00e9gories.<br \/><strong>SORTIE DE VOITURE DE GR\u00c8CE<\/strong>: Les voitures lou\u00e9es ne peuvent pas \u00eatre emmen\u00e9es en dehors des fronti\u00e8res de la Gr\u00e8ce sans l&#039;accord \u00e9crit pr\u00e9alable d&#039;Aegean Rentals.<br \/><strong>TRANSPORT MARITIME<\/strong>: La voiture ne peut pas \u00eatre embarqu\u00e9e sur un navire sans l&#039;accord \u00e9crit pr\u00e9alable d&#039;Aegean Rentals.<\/p><h5>Polices d\u2019assurance voitures de luxe<\/h5><p>LES VOITURES DE CAT\u00c9GORIE DE LUXE SONT LOCABLES UNIQUEMENT AVEC L&#039;ASSURANCE CDW<\/p><h5>CDW<\/h5><p>Le locataire est responsable du premier<\/p><ul><li>750 euros pour les cat\u00e9gories M1, \u039c2,<\/li><li>1.000 euros pour les cat\u00e9gories \u039c3, \u039c4, \u039c5, \u039c11, \u039c12, \u039c13<\/li><li>1.500 euros pour les cat\u00e9gories M6, M7, M10, M14, M15, M19<\/li><li>2.000 euros pour les cat\u00e9gories M8, M16<\/li><li>2.500 euros pour les cat\u00e9gories M17, M18, M20<\/li><li>5.000 euros pour la cat\u00e9gorie M9<\/li><\/ul><p>Le locataire est responsable du paiement de tous les dommages caus\u00e9s par les pneus des jantes int\u00e9rieures du train de roulement, \u00e9galement si cela pourrait<\/p><p>\u00eatre plus que le risque personnel. L&#039;assurance CDW ne s&#039;applique pas si les dommages sont dus \u00e0 des violations du code de la route grec.<\/p><p>Pour toutes les cat\u00e9gories de voitures de luxe, une carte de cr\u00e9dit (ou dans certains cas des esp\u00e8ces) comme garantie est requise.<\/p><p>Tous les tarifs sont journaliers et incluent 24% TVA et km illimit\u00e9s.<\/p><ul><li>Assistance t\u00e9l\u00e9phonique d&#039;urgence 24 heures sur 24<\/li><li>Assistance routi\u00e8re 24 heures sur 24<\/li><li>Changement de voiture en cas de panne<\/li><li>Assurance compl\u00e8te<\/li><li>Pas de surprise au bureau<\/li><li>Kilom\u00e8tres illimit\u00e9s<\/li><li>Livraisons\/Retraits \u00e0 l&#039;a\u00e9roport, \u00e0 votre h\u00f4tel ou dans nos bureaux<\/li><\/ul><p><em>Remarque\u00a0: Assurez-vous de demander votre type de carburant pr\u00e9f\u00e9r\u00e9, votre type de transmission et tout autre d\u00e9tail pour recevoir la meilleure assistance possible de nos repr\u00e9sentants exp\u00e9riment\u00e9s\u00a0!<\/em><\/p><p><strong>Annulation de r\u00e9servation<\/strong><br \/>Une fois votre r\u00e9servation confirm\u00e9e, vous pouvez annuler votre r\u00e9servation en nous envoyant un e-mail \u00e0 info@aegean-rentals.com \u00e0 partir de la m\u00eame adresse e-mail que celle \u00e0 laquelle la r\u00e9servation a \u00e9t\u00e9 effectu\u00e9e et en nous fournissant votre nom et votre num\u00e9ro de commande. Le num\u00e9ro de commande vous est fourni \u00e0 la fin de votre r\u00e9servation en ligne par email de confirmation. <br \/>Si vous ne disposez pas de ces informations facilement accessibles, contactez-nous simplement.<\/p><p><strong>Politique d&#039;annulation<\/strong><br \/>Nos politiques d&#039;annulation varient en fonction du type de r\u00e9servation que vous avez effectu\u00e9e\u00a0:<\/p><p>-R\u00e9servations avec pr\u00e9paiement partiel<\/p><p>-R\u00e9servations enti\u00e8rement pr\u00e9pay\u00e9es<\/p><p>R\u00e9servations avec pr\u00e9paiement partiel :<\/p><p>Annuler plus de 72 heures avant l&#039;heure de prise en charge<br \/>Si vous choisissez d&#039;annuler une r\u00e9servation partiellement pr\u00e9pay\u00e9e 72 heures avant l&#039;heure de prise en charge de la location, nous vous rembourserons l&#039;acompte vers\u00e9 pour le montant de la r\u00e9servation. Une fois annul\u00e9, nous vous cr\u00e9diterons dans un d\u00e9lai d&#039;environ 7 jours ouvrables. Les cr\u00e9dits seront appliqu\u00e9s \u00e0 la m\u00eame carte avec laquelle vous avez pr\u00e9pay\u00e9.<\/p><p>Annuler dans les 72 heures avant l&#039;heure de prise en charge<br \/>Si vous annulez moins de 48 heures avant l&#039;heure de prise en charge, l&#039;acompte ne sera pas rembours\u00e9.<\/p><p><strong>Pas de pr\u00e9sentation<\/strong><br \/>Si vous n&#039;annulez pas la r\u00e9servation avant l&#039;heure de prise en charge et que le v\u00e9hicule de location n&#039;est pas r\u00e9cup\u00e9r\u00e9 \u00e0 la date de location, l&#039;acompte ne sera pas rembours\u00e9.<\/p><p><strong>R\u00e9servations enti\u00e8rement pr\u00e9pay\u00e9es\u00a0:<\/strong><\/p><p>Annuler plus de 72 heures avant l&#039;heure de prise en charge<br \/>Si vous choisissez d&#039;annuler une r\u00e9servation enti\u00e8rement pr\u00e9pay\u00e9e 72 heures avant l&#039;heure de prise en charge de la location, nous vous rembourserons int\u00e9gralement le montant pr\u00e9pay\u00e9. Une fois annul\u00e9, nous vous cr\u00e9diterons dans un d\u00e9lai d&#039;environ 7 jours ouvrables. Les cr\u00e9dits seront appliqu\u00e9s \u00e0 la m\u00eame carte avec laquelle vous avez pr\u00e9pay\u00e9.<\/p><p>Annuler dans les 72 heures avant l&#039;heure de prise en charge<br \/>Si vous annulez moins de 72 heures avant l&#039;heure de prise en charge, 50% du montant pr\u00e9pay\u00e9 sera rembours\u00e9.<\/p><p><strong>Pas de pr\u00e9sentation<\/strong><br \/>Si vous n&#039;annulez pas la r\u00e9servation avant l&#039;heure de prise en charge et que le v\u00e9hicule de location n&#039;est pas r\u00e9cup\u00e9r\u00e9 \u00e0 la date de location, aucune partie du montant pr\u00e9pay\u00e9 ne sera rembours\u00e9e.<\/p><p><script src=\"moz-extension:\/\/f1cebbb2-6c96-401e-acee-4671fdf99cfb\/js\/app.js\" type=\"text\/javascript\"><\/script><\/p>\t\t\t\t\t\t\t\t<\/div>\n\t\t\t\t<\/div>\n\t\t\t\t\t<\/div>\n\t\t<\/div>\n\t\t\t\t\t<\/div>\n\t\t<\/section>\n\t\t\t\t<\/div>","protected":false},"excerpt":{"rendered":"<p>Conditions g\u00e9n\u00e9rales de location ACCUEIL Conditions g\u00e9n\u00e9rales de location Ce que vous devez savoir pour louer une voiture chez nous Les conditions g\u00e9n\u00e9rales de location suivantes s&#039;appliquent. Veuillez noter que les conditions de location sp\u00e9cifiques qui peuvent s&#039;appliquer sont disponibles dans la section \u00ab\u00a0Conditions de location sp\u00e9cifiques\u00a0\u00bb. Aegean Rentals vous recommande vivement de lire attentivement les conditions g\u00e9n\u00e9rales de location.<\/p>","protected":false},"author":1,"featured_media":0,"parent":0,"menu_order":0,"comment_status":"closed","ping_status":"closed","template":"elementor_header_footer","meta":{"footnotes":""},"class_list":["post-230","page","type-page","status-publish","hentry"],"blocksy_meta":[],"_links":{"self":[{"href":"https:\/\/aegean-rentals.com\/fr\/wp-json\/wp\/v2\/pages\/230","targetHints":{"allow":["GET"]}}],"collection":[{"href":"https:\/\/aegean-rentals.com\/fr\/wp-json\/wp\/v2\/pages"}],"about":[{"href":"https:\/\/aegean-rentals.com\/fr\/wp-json\/wp\/v2\/types\/page"}],"author":[{"embeddable":true,"href":"https:\/\/aegean-rentals.com\/fr\/wp-json\/wp\/v2\/users\/1"}],"replies":[{"embeddable":true,"href":"https:\/\/aegean-rentals.com\/fr\/wp-json\/wp\/v2\/comments?post=230"}],"version-history":[{"count":46,"href":"https:\/\/aegean-rentals.com\/fr\/wp-json\/wp\/v2\/pages\/230\/revisions"}],"predecessor-version":[{"id":666,"href":"https:\/\/aegean-rentals.com\/fr\/wp-json\/wp\/v2\/pages\/230\/revisions\/666"}],"wp:attachment":[{"href":"https:\/\/aegean-rentals.com\/fr\/wp-json\/wp\/v2\/media?parent=230"}],"curies":[{"name":"wp","href":"https:\/\/api.w.org\/{rel}","templated":true}]}}