{"id":269,"date":"2023-05-05T16:23:30","date_gmt":"2023-05-05T13:23:30","guid":{"rendered":"https:\/\/trafficrent.marketup.pro\/?page_id=269"},"modified":"2026-04-14T13:02:50","modified_gmt":"2026-04-14T10:02:50","slug":"a-propos-de-nous","status":"publish","type":"page","link":"https:\/\/aegean-rentals.com\/fr\/a-propos-de-nous\/","title":{"rendered":"\u00c0 propos de nous"},"content":{"rendered":"<div data-elementor-type=\"wp-page\" data-elementor-id=\"269\" class=\"elementor elementor-269\" data-elementor-post-type=\"page\">\n\t\t\t\t<div class=\"elementor-element elementor-element-3f3582a e-flex e-con-boxed e-con e-parent\" data-id=\"3f3582a\" data-element_type=\"container\" data-e-type=\"container\" data-settings=\"{&quot;background_background&quot;:&quot;classic&quot;}\">\n\t\t\t\t\t<div class=\"e-con-inner\">\n\t\t<div class=\"elementor-element elementor-element-8ba95fe e-con-full e-flex e-con e-child\" data-id=\"8ba95fe\" data-element_type=\"container\" data-e-type=\"container\">\n\t\t\t\t<div class=\"elementor-element elementor-element-a7148a9 elementor-widget elementor-widget-heading\" data-id=\"a7148a9\" data-element_type=\"widget\" data-e-type=\"widget\" data-widget_type=\"heading.default\">\n\t\t\t\t<div class=\"elementor-widget-container\">\n\t\t\t\t\t<h1 class=\"elementor-heading-title elementor-size-default\">\u00e0 propos de nous<\/h1>\t\t\t\t<\/div>\n\t\t\t\t<\/div>\n\t\t\t\t<div class=\"elementor-element elementor-element-e1f0bdd elementor-icon-list--layout-inline elementor-align-center elementor-list-item-link-full_width elementor-widget elementor-widget-icon-list\" data-id=\"e1f0bdd\" data-element_type=\"widget\" data-e-type=\"widget\" data-widget_type=\"icon-list.default\">\n\t\t\t\t<div class=\"elementor-widget-container\">\n\t\t\t\t\t\t\t<ul class=\"elementor-icon-list-items elementor-inline-items\">\n\t\t\t\t\t\t\t<li class=\"elementor-icon-list-item elementor-inline-item\">\n\t\t\t\t\t\t\t\t\t\t\t<a href=\"https:\/\/aegean-rentals.com\/fr\">\n\n\t\t\t\t\t\t\t\t\t\t\t<span class=\"elementor-icon-list-text\">MAISON<\/span>\n\t\t\t\t\t\t\t\t\t\t\t<\/a>\n\t\t\t\t\t\t\t\t\t<\/li>\n\t\t\t\t\t\t\t\t<li class=\"elementor-icon-list-item elementor-inline-item\">\n\t\t\t\t\t\t\t\t\t\t\t<span class=\"elementor-icon-list-icon\">\n\t\t\t\t\t\t\t<i aria-hidden=\"true\" class=\"fas fa-chevron-right\"><\/i>\t\t\t\t\t\t<\/span>\n\t\t\t\t\t\t\t\t\t\t<span class=\"elementor-icon-list-text\">\u00c0 PROPOS DE NOUS<\/span>\n\t\t\t\t\t\t\t\t\t<\/li>\n\t\t\t\t\t\t<\/ul>\n\t\t\t\t\t\t<\/div>\n\t\t\t\t<\/div>\n\t\t\t\t<\/div>\n\t\t\t\t\t<\/div>\n\t\t\t\t<\/div>\n\t\t<div class=\"elementor-element elementor-element-95f3297 e-flex e-con-boxed e-con e-parent\" data-id=\"95f3297\" data-element_type=\"container\" data-e-type=\"container\">\n\t\t\t\t\t<div class=\"e-con-inner\">\n\t\t<div class=\"elementor-element elementor-element-68baf70 e-con-full e-flex e-con e-child\" data-id=\"68baf70\" data-element_type=\"container\" data-e-type=\"container\">\n\t\t\t\t<div class=\"elementor-element elementor-element-d73e9c1 elementor-widget elementor-widget-heading\" data-id=\"d73e9c1\" data-element_type=\"widget\" data-e-type=\"widget\" data-widget_type=\"heading.default\">\n\t\t\t\t<div class=\"elementor-widget-container\">\n\t\t\t\t\t<h2 class=\"elementor-heading-title elementor-size-default\">Location de voiture en Cr\u00e8te<\/h2>\t\t\t\t<\/div>\n\t\t\t\t<\/div>\n\t\t\t\t<div class=\"elementor-element elementor-element-1a89c4c elementor-widget elementor-widget-text-editor\" data-id=\"1a89c4c\" data-element_type=\"widget\" data-e-type=\"widget\" data-widget_type=\"text-editor.default\">\n\t\t\t\t<div class=\"elementor-widget-container\">\n\t\t\t\t\t\t\t\t\t<p>Aegean Rentals est active dans le domaine de la location de voitures depuis 1986. Depuis la cr\u00e9ation de l&#039;entreprise jusqu&#039;\u00e0 aujourd&#039;hui, notre philosophie se concentre sur le maintien d&#039;une flotte moderne de voitures de haute qualit\u00e9 et sur la fourniture de services de qualit\u00e9 sup\u00e9rieure. Nous sommes en mesure de servir nos clients avec imm\u00e9diatet\u00e9 et professionnalisme en entretenant des partenariats avec les principales agences de voyages et h\u00f4tels de Cr\u00e8te et de Mykonos et en enrichissant en m\u00eame temps constamment notre flotte avec une grande vari\u00e9t\u00e9 de mod\u00e8les conventionnels et de luxe.<\/p>\t\t\t\t\t\t\t\t<\/div>\n\t\t\t\t<\/div>\n\t\t\t\t<\/div>\n\t\t<div class=\"elementor-element elementor-element-2016ea3 e-con-full e-flex e-con e-child\" data-id=\"2016ea3\" data-element_type=\"container\" data-e-type=\"container\" data-settings=\"{&quot;background_background&quot;:&quot;classic&quot;}\">\n\t\t\t\t<div class=\"elementor-element elementor-element-ff206d8 elementor-widget elementor-widget-spacer\" data-id=\"ff206d8\" data-element_type=\"widget\" data-e-type=\"widget\" data-widget_type=\"spacer.default\">\n\t\t\t\t<div class=\"elementor-widget-container\">\n\t\t\t\t\t\t\t<div class=\"elementor-spacer\">\n\t\t\t<div class=\"elementor-spacer-inner\"><\/div>\n\t\t<\/div>\n\t\t\t\t\t\t<\/div>\n\t\t\t\t<\/div>\n\t\t\t\t<\/div>\n\t\t\t\t\t<\/div>\n\t\t\t\t<\/div>\n\t\t<div class=\"elementor-element elementor-element-ec8b09e e-flex e-con-boxed e-con e-parent\" data-id=\"ec8b09e\" data-element_type=\"container\" data-e-type=\"container\" data-settings=\"{&quot;background_background&quot;:&quot;classic&quot;}\">\n\t\t\t\t\t<div class=\"e-con-inner\">\n\t\t<div class=\"elementor-element elementor-element-cab6e6b e-con-full e-flex e-con e-child\" data-id=\"cab6e6b\" data-element_type=\"container\" data-e-type=\"container\">\n\t\t\t\t<div class=\"elementor-element elementor-element-97505fb elementor-widget elementor-widget-heading\" data-id=\"97505fb\" data-element_type=\"widget\" data-e-type=\"widget\" data-widget_type=\"heading.default\">\n\t\t\t\t<div class=\"elementor-widget-container\">\n\t\t\t\t\t<h2 class=\"elementor-heading-title elementor-size-default\">Comment nous travaillons\n\n<\/h2>\t\t\t\t<\/div>\n\t\t\t\t<\/div>\n\t\t\t\t<div class=\"elementor-element elementor-element-0b04997 elementor-widget elementor-widget-text-editor\" data-id=\"0b04997\" data-element_type=\"widget\" data-e-type=\"widget\" data-widget_type=\"text-editor.default\">\n\t\t\t\t<div class=\"elementor-widget-container\">\n\t\t\t\t\t\t\t\t\t<p>Chez Aegean Rentals, nous profitons de nos nombreuses ann\u00e9es d\u2019exp\u00e9rience et travaillons avec professionnalisme et coh\u00e9rence. Nous proposons nos services vers les a\u00e9roports d&#039;H\u00e9raklion, de La Can\u00e9e et de Mykonos ainsi que vers les ports des deux \u00eeles, nous disposons d&#039;un service desk dans les grands h\u00f4tels de Cr\u00e8te et en m\u00eame temps nous offrons la possibilit\u00e9 de livraison en voiture \u00e0 tous les h\u00f4tels et villas. sur l&#039;Ile. Nous veillons \u00e0 ce que tous nos clients soient satisfaits de la coh\u00e9rence des d\u00e9lais de livraison et du service 24h\/24 et 7j\/7 de notre personnel exp\u00e9riment\u00e9 et multilingue.<\/p>\t\t\t\t\t\t\t\t<\/div>\n\t\t\t\t<\/div>\n\t\t\t\t<\/div>\n\t\t\t\t\t<\/div>\n\t\t\t\t<\/div>\n\t\t<div class=\"elementor-element elementor-element-52c0864 e-flex e-con-boxed e-con e-parent\" data-id=\"52c0864\" data-element_type=\"container\" data-e-type=\"container\">\n\t\t\t\t\t<div class=\"e-con-inner\">\n\t\t<div class=\"elementor-element elementor-element-2532f7c e-con-full e-flex e-con e-child\" data-id=\"2532f7c\" data-element_type=\"container\" data-e-type=\"container\">\n\t\t\t\t<div class=\"elementor-element elementor-element-fb02b3d elementor-widget elementor-widget-heading\" data-id=\"fb02b3d\" data-element_type=\"widget\" data-e-type=\"widget\" data-widget_type=\"heading.default\">\n\t\t\t\t<div class=\"elementor-widget-container\">\n\t\t\t\t\t<h2 class=\"elementor-heading-title elementor-size-default\">Des bureaux\n\n<\/h2>\t\t\t\t<\/div>\n\t\t\t\t<\/div>\n\t\t\t\t<div class=\"elementor-element elementor-element-3605bd3 elementor-widget elementor-widget-text-editor\" data-id=\"3605bd3\" data-element_type=\"widget\" data-e-type=\"widget\" data-widget_type=\"text-editor.default\">\n\t\t\t\t<div class=\"elementor-widget-container\">\n\t\t\t\t\t\t\t\t\t<p>Aegean Rentals poss\u00e8de des bureaux sur deux des \u00eeles les plus touristiques de Gr\u00e8ce\u00a0: la Cr\u00e8te et Mykonos. Son r\u00e9seau de bureaux et de points de service est r\u00e9parti sur l&#039;ensemble des \u00eeles, desservant les a\u00e9roports d&#039;H\u00e9raklion, de La Can\u00e9e et de Mykonos, leurs ports respectifs, ainsi que de grands h\u00f4tels, villas, etc. Nos bureaux sont ouverts 24\u00a0h\/24 et 7\u00a0j\/7 pour r\u00e9pondre \u00e0 tous vos besoins avec r\u00e9activit\u00e9, constance et professionnalisme.<\/p>\t\t\t\t\t\t\t\t<\/div>\n\t\t\t\t<\/div>\n\t\t<div class=\"elementor-element elementor-element-4de4ad3 e-con-full e-flex e-con e-child\" data-id=\"4de4ad3\" data-element_type=\"container\" data-e-type=\"container\">\n\t\t<div class=\"elementor-element elementor-element-fc88653 e-con-full e-flex e-con e-child\" data-id=\"fc88653\" data-element_type=\"container\" data-e-type=\"container\">\n\t\t\t\t<div class=\"elementor-element elementor-element-5c70aea elementor-widget elementor-widget-heading\" data-id=\"5c70aea\" data-element_type=\"widget\" data-e-type=\"widget\" data-widget_type=\"heading.default\">\n\t\t\t\t<div class=\"elementor-widget-container\">\n\t\t\t\t\t<h2 class=\"elementor-heading-title elementor-size-default\">A\u00e9roport d&#039;H\u00e9raklion\n\n<\/h2>\t\t\t\t<\/div>\n\t\t\t\t<\/div>\n\t\t\t\t<div class=\"elementor-element elementor-element-38b50dd elementor-widget elementor-widget-google_maps\" data-id=\"38b50dd\" data-element_type=\"widget\" data-e-type=\"widget\" data-widget_type=\"google_maps.default\">\n\t\t\t\t<div class=\"elementor-widget-container\">\n\t\t\t\t\t\t\t<div class=\"elementor-custom-embed\">\n\t\t\t<iframe loading=\"lazy\"\n\t\t\t\t\tsrc=\"https:\/\/maps.google.com\/maps?q=heraklion%20airport&#038;t=m&#038;z=10&#038;output=embed&#038;iwloc=near\"\n\t\t\t\t\ttitle=\"a\u00e9roport d&#039;H\u00e9raklion\"\n\t\t\t\t\taria-label=\"a\u00e9roport d&#039;H\u00e9raklion\"\n\t\t\t><\/iframe>\n\t\t<\/div>\n\t\t\t\t\t\t<\/div>\n\t\t\t\t<\/div>\n\t\t\t\t<\/div>\n\t\t\t\t<\/div>\n\t\t<div class=\"elementor-element elementor-element-3ff0765 e-con-full e-flex e-con e-child\" data-id=\"3ff0765\" data-element_type=\"container\" data-e-type=\"container\">\n\t\t<div class=\"elementor-element elementor-element-fccd0a1 e-con-full e-flex e-con e-child\" data-id=\"fccd0a1\" data-element_type=\"container\" data-e-type=\"container\">\n\t\t\t\t<div class=\"elementor-element elementor-element-f6e5999 elementor-widget elementor-widget-heading\" data-id=\"f6e5999\" data-element_type=\"widget\" data-e-type=\"widget\" data-widget_type=\"heading.default\">\n\t\t\t\t<div class=\"elementor-widget-container\">\n\t\t\t\t\t<h2 class=\"elementor-heading-title elementor-size-default\"><a href=\"https:\/\/www.google.com\/maps\/place\/Traffic+rent+a+car\/@35.517787,23.9169803,17z\/data=!3m1!4b1!4m5!3m4!1s0x0:0x6e0f615fa09db3c1!8m2!3d35.517787!4d23.919169\" target=\"_blank\" rel=\"nofollow noopener\">A\u00e9roport de La Can\u00e9e\n\n<\/a><\/h2>\t\t\t\t<\/div>\n\t\t\t\t<\/div>\n\t\t\t\t<div class=\"elementor-element elementor-element-94fa02c elementor-widget elementor-widget-google_maps\" data-id=\"94fa02c\" data-element_type=\"widget\" data-e-type=\"widget\" data-widget_type=\"google_maps.default\">\n\t\t\t\t<div class=\"elementor-widget-container\">\n\t\t\t\t\t\t\t<div class=\"elementor-custom-embed\">\n\t\t\t<iframe loading=\"lazy\"\n\t\t\t\t\tsrc=\"https:\/\/maps.google.com\/maps?q=aiport%20chania%2C%20crete&#038;t=m&#038;z=10&#038;output=embed&#038;iwloc=near\"\n\t\t\t\t\ttitle=\"a\u00e9roport de Chania, Cr\u00e8te\"\n\t\t\t\t\taria-label=\"a\u00e9roport de Chania, Cr\u00e8te\"\n\t\t\t><\/iframe>\n\t\t<\/div>\n\t\t\t\t\t\t<\/div>\n\t\t\t\t<\/div>\n\t\t\t\t<\/div>\n\t\t\t\t<\/div>\n\t\t\t\t<\/div>\n\t\t\t\t\t<\/div>\n\t\t\t\t<\/div>\n\t\t\t\t<\/div>","protected":false},"excerpt":{"rendered":"<p>\u00c0 propos de nous Accueil \u00c0 propos de nous Location de voitures en Cr\u00e8te Aegean Rentals est active dans le secteur de la location de voitures depuis 1986. Depuis sa cr\u00e9ation jusqu&#039;\u00e0 aujourd&#039;hui, notre philosophie est ax\u00e9e sur le maintien d&#039;une flotte moderne de v\u00e9hicules de haute qualit\u00e9 et la fourniture de services de qualit\u00e9 sup\u00e9rieure. Nous sommes en mesure de servir nos clients [\u2026]<\/p>","protected":false},"author":1,"featured_media":0,"parent":0,"menu_order":0,"comment_status":"closed","ping_status":"closed","template":"elementor_header_footer","meta":{"footnotes":""},"class_list":["post-269","page","type-page","status-publish","hentry"],"blocksy_meta":[],"_links":{"self":[{"href":"https:\/\/aegean-rentals.com\/fr\/wp-json\/wp\/v2\/pages\/269","targetHints":{"allow":["GET"]}}],"collection":[{"href":"https:\/\/aegean-rentals.com\/fr\/wp-json\/wp\/v2\/pages"}],"about":[{"href":"https:\/\/aegean-rentals.com\/fr\/wp-json\/wp\/v2\/types\/page"}],"author":[{"embeddable":true,"href":"https:\/\/aegean-rentals.com\/fr\/wp-json\/wp\/v2\/users\/1"}],"replies":[{"embeddable":true,"href":"https:\/\/aegean-rentals.com\/fr\/wp-json\/wp\/v2\/comments?post=269"}],"version-history":[{"count":49,"href":"https:\/\/aegean-rentals.com\/fr\/wp-json\/wp\/v2\/pages\/269\/revisions"}],"predecessor-version":[{"id":1038,"href":"https:\/\/aegean-rentals.com\/fr\/wp-json\/wp\/v2\/pages\/269\/revisions\/1038"}],"wp:attachment":[{"href":"https:\/\/aegean-rentals.com\/fr\/wp-json\/wp\/v2\/media?parent=269"}],"curies":[{"name":"wp","href":"https:\/\/api.w.org\/{rel}","templated":true}]}}