{"id":738,"date":"2024-03-06T11:13:38","date_gmt":"2024-03-06T09:13:38","guid":{"rendered":"https:\/\/aegean-rentals.com\/?page_id=738"},"modified":"2025-04-17T00:20:15","modified_gmt":"2025-04-16T21:20:15","slug":"police-dassurance","status":"publish","type":"page","link":"https:\/\/aegean-rentals.com\/fr\/police-dassurance\/","title":{"rendered":"Police d&#039;assurance"},"content":{"rendered":"<div data-elementor-type=\"wp-page\" data-elementor-id=\"738\" class=\"elementor elementor-738\" data-elementor-post-type=\"page\">\n\t\t\t\t\t\t<section class=\"elementor-section elementor-top-section elementor-element elementor-element-6fae5ff elementor-section-boxed elementor-section-height-default elementor-section-height-default\" data-id=\"6fae5ff\" data-element_type=\"section\" data-e-type=\"section\" data-settings=\"{&quot;background_background&quot;:&quot;classic&quot;}\">\n\t\t\t\t\t\t<div class=\"elementor-container elementor-column-gap-default\">\n\t\t\t\t\t<div class=\"elementor-column elementor-col-100 elementor-top-column elementor-element elementor-element-0d48e01\" data-id=\"0d48e01\" data-element_type=\"column\" data-e-type=\"column\">\n\t\t\t<div class=\"elementor-widget-wrap elementor-element-populated\">\n\t\t\t\t\t\t<div class=\"elementor-element elementor-element-129a56e elementor-widget elementor-widget-heading\" data-id=\"129a56e\" data-element_type=\"widget\" data-e-type=\"widget\" data-widget_type=\"heading.default\">\n\t\t\t\t<div class=\"elementor-widget-container\">\n\t\t\t\t\t<h1 class=\"elementor-heading-title elementor-size-default\">police d&#039;assurance<\/h1>\t\t\t\t<\/div>\n\t\t\t\t<\/div>\n\t\t\t\t<div class=\"elementor-element elementor-element-0c97062 elementor-icon-list--layout-inline elementor-align-center elementor-list-item-link-full_width elementor-widget elementor-widget-icon-list\" data-id=\"0c97062\" data-element_type=\"widget\" data-e-type=\"widget\" data-widget_type=\"icon-list.default\">\n\t\t\t\t<div class=\"elementor-widget-container\">\n\t\t\t\t\t\t\t<ul class=\"elementor-icon-list-items elementor-inline-items\">\n\t\t\t\t\t\t\t<li class=\"elementor-icon-list-item elementor-inline-item\">\n\t\t\t\t\t\t\t\t\t\t\t<a href=\"https:\/\/aegean-rentals.com\/fr\">\n\n\t\t\t\t\t\t\t\t\t\t\t<span class=\"elementor-icon-list-text\">MAISON<\/span>\n\t\t\t\t\t\t\t\t\t\t\t<\/a>\n\t\t\t\t\t\t\t\t\t<\/li>\n\t\t\t\t\t\t\t\t<li class=\"elementor-icon-list-item elementor-inline-item\">\n\t\t\t\t\t\t\t\t\t\t\t<span class=\"elementor-icon-list-icon\">\n\t\t\t\t\t\t\t<i aria-hidden=\"true\" class=\"fas fa-chevron-right\"><\/i>\t\t\t\t\t\t<\/span>\n\t\t\t\t\t\t\t\t\t\t<span class=\"elementor-icon-list-text\">POLICE D&#039;ASSURANCE<\/span>\n\t\t\t\t\t\t\t\t\t<\/li>\n\t\t\t\t\t\t<\/ul>\n\t\t\t\t\t\t<\/div>\n\t\t\t\t<\/div>\n\t\t\t\t\t<\/div>\n\t\t<\/div>\n\t\t\t\t\t<\/div>\n\t\t<\/section>\n\t\t\t\t<section class=\"elementor-section elementor-top-section elementor-element elementor-element-c1aa328 elementor-section-boxed elementor-section-height-default elementor-section-height-default\" data-id=\"c1aa328\" data-element_type=\"section\" data-e-type=\"section\">\n\t\t\t\t\t\t<div class=\"elementor-container elementor-column-gap-default\">\n\t\t\t\t\t<div class=\"elementor-column elementor-col-100 elementor-top-column elementor-element elementor-element-1c08e1b\" data-id=\"1c08e1b\" data-element_type=\"column\" data-e-type=\"column\">\n\t\t\t<div class=\"elementor-widget-wrap elementor-element-populated\">\n\t\t\t\t\t\t<div class=\"elementor-element elementor-element-ce02602 elementor-widget elementor-widget-text-editor\" data-id=\"ce02602\" data-element_type=\"widget\" data-e-type=\"widget\" data-widget_type=\"text-editor.default\">\n\t\t\t\t<div class=\"elementor-widget-container\">\n\t\t\t\t\t\t\t\t\t<p>\"<\/p><h3 data-start=\"115\" data-end=\"181\"><strong data-start=\"119\" data-end=\"181\">Forfait d&#039;assurance standard \u2013 Exon\u00e9ration des dommages par collision (CDW)<\/strong><\/h3><p data-start=\"183\" data-end=\"433\">L&#039;assurance collision sans franchise (CDW) est <strong data-start=\"216\" data-end=\"248\">inclus dans le prix de location<\/strong> et limite la responsabilit\u00e9 financi\u00e8re du locataire en cas de dommages caus\u00e9s au v\u00e9hicule, jusqu&#039;\u00e0 un certain montant <strong data-start=\"342\" data-end=\"359\">montant exc\u00e9dentaire<\/strong> (\u00e9galement appel\u00e9e franchise). La franchise d\u00e9pend de la cat\u00e9gorie du v\u00e9hicule\u00a0:<\/p><ul data-start=\"435\" data-end=\"671\"><li data-start=\"435\" data-end=\"459\"><p data-start=\"437\" data-end=\"459\"><strong data-start=\"437\" data-end=\"452\">Groupe A, B :<\/strong> \u20ac800<\/p><\/li><li data-start=\"460\" data-end=\"489\"><p data-start=\"462\" data-end=\"489\"><strong data-start=\"462\" data-end=\"482\">Groupe C, C1, L1 :<\/strong> \u20ac900<\/p><\/li><li data-start=\"490\" data-end=\"517\"><p data-start=\"492\" data-end=\"517\"><strong data-start=\"492\" data-end=\"508\">Groupe D, L2 :<\/strong> \u20ac1,000<\/p><\/li><li data-start=\"518\" data-end=\"545\"><p data-start=\"520\" data-end=\"545\"><strong data-start=\"520\" data-end=\"536\">Groupe K, K1 :<\/strong> \u20ac1,100<\/p><\/li><li data-start=\"546\" data-end=\"570\"><p data-start=\"548\" data-end=\"570\"><strong data-start=\"548\" data-end=\"561\">Groupe D2 :<\/strong> \u20ac1,200<\/p><\/li><li data-start=\"571\" data-end=\"610\"><p data-start=\"573\" data-end=\"610\"><strong data-start=\"573\" data-end=\"601\">Groupe L3, S1, S2, E, E1 :<\/strong> \u20ac1,300<\/p><\/li><li data-start=\"611\" data-end=\"646\"><p data-start=\"613\" data-end=\"646\"><strong data-start=\"613\" data-end=\"637\">Groupe S3, K2, K3, F :<\/strong>\u00a01,600<\/p><\/li><li data-start=\"647\" data-end=\"671\"><p data-start=\"649\" data-end=\"671\"><strong data-start=\"649\" data-end=\"662\">Groupe S4 :<\/strong> \u20ac1,800<\/p><\/li><\/ul><hr data-start=\"673\" data-end=\"676\" \/><h3 data-start=\"678\" data-end=\"707\"><strong data-start=\"682\" data-end=\"707\">Politique de d\u00e9p\u00f4t exc\u00e9dentaire<\/strong><\/h3><ul><li data-start=\"709\" data-end=\"793\"><p data-start=\"711\" data-end=\"793\">Le <strong data-start=\"715\" data-end=\"744\">le montant exc\u00e9dentaire est r\u00e9serv\u00e9<\/strong> (pr\u00e9autoris\u00e9) pour la dur\u00e9e de la location.<\/p><\/li><li data-start=\"794\" data-end=\"850\"><p data-start=\"796\" data-end=\"850\">Cela peut \u00eatre fait via <strong data-start=\"817\" data-end=\"849\">carte de cr\u00e9dit\/d\u00e9bit ou en esp\u00e8ces<\/strong>.<\/p><\/li><li data-start=\"851\" data-end=\"913\"><p data-start=\"853\" data-end=\"913\">Le mode de paiement <strong data-start=\"872\" data-end=\"912\">doit \u00eatre au nom du conducteur<\/strong>.<\/p><\/li><li data-start=\"914\" data-end=\"1004\"><p data-start=\"916\" data-end=\"1004\">Le montant total sera <strong data-start=\"940\" data-end=\"977\">rembours\u00e9 \u00e0 la fin de la location<\/strong> si aucun dommage n&#039;est survenu.<\/p><\/li><\/ul><h3><b>Forfait d&#039;assurance complet<\/b><\/h3><ul><li><p data-start=\"124\" data-end=\"244\">Conduisez en toute confiance en sachant que vous \u00eates prot\u00e9g\u00e9 contre la plupart des \u00e9v\u00e9nements inattendus, avec <strong data-start=\"208\" data-end=\"234\">pas de franchise<\/strong> requis.<\/p><hr data-start=\"246\" data-end=\"249\" \/><h3 data-start=\"251\" data-end=\"316\"><strong data-start=\"255\" data-end=\"316\">Renonciation aux dommages et protection compl\u00e8te (FDW et WUG)<\/strong><\/h3><ul data-start=\"317\" data-end=\"573\"><li data-start=\"317\" data-end=\"469\"><p data-start=\"319\" data-end=\"337\">Couvre les dommages caus\u00e9s \u00e0 :<\/p><ul data-start=\"340\" data-end=\"469\"><li data-start=\"340\" data-end=\"372\"><p data-start=\"342\" data-end=\"372\"><strong data-start=\"342\" data-end=\"355\">Dessous<\/strong> du v\u00e9hicule<\/p><\/li><li data-start=\"375\" data-end=\"406\"><p data-start=\"377\" data-end=\"406\"><strong data-start=\"377\" data-end=\"404\">Pare-brise et vitres<\/strong><\/p><\/li><li data-start=\"409\" data-end=\"433\"><p data-start=\"411\" data-end=\"433\"><strong data-start=\"411\" data-end=\"431\">Pneus et roues<\/strong><\/p><\/li><li data-start=\"436\" data-end=\"469\"><p data-start=\"438\" data-end=\"469\"><strong data-start=\"438\" data-end=\"469\">Moteur et pi\u00e8ces m\u00e9caniques<\/strong><\/p><\/li><\/ul><\/li><li data-start=\"470\" data-end=\"573\"><p data-start=\"472\" data-end=\"573\">Offres <strong data-start=\"479\" data-end=\"498\">protection compl\u00e8te<\/strong> contre les dommages accidentels, afin que vous puissiez profiter de votre voyage avec moins de soucis.<\/p><\/li><\/ul><hr data-start=\"575\" data-end=\"578\" \/><h3 data-start=\"580\" data-end=\"609\"><strong data-start=\"584\" data-end=\"609\">Protection contre le vol (TP)<\/strong><\/h3><ul data-start=\"610\" data-end=\"765\"><li data-start=\"610\" data-end=\"695\"><p data-start=\"612\" data-end=\"695\">Couvertures <strong data-start=\"619\" data-end=\"636\">vol de v\u00e9hicule<\/strong>, \u00e0 l&#039;exclusion des incidents r\u00e9sultant de <strong data-start=\"673\" data-end=\"694\">n\u00e9gligence du conducteur<\/strong>.<\/p><\/li><li data-start=\"696\" data-end=\"765\"><p data-start=\"698\" data-end=\"765\">Aide \u00e0 assurer une protection financi\u00e8re en cas de vol d&#039;un v\u00e9hicule.<\/p><\/li><\/ul><hr data-start=\"767\" data-end=\"770\" \/><h3 data-start=\"772\" data-end=\"811\"><strong data-start=\"776\" data-end=\"811\">Assurance responsabilit\u00e9 civile (RC)<\/strong><\/h3><ul data-start=\"812\" data-end=\"1019\"><li data-start=\"812\" data-end=\"930\"><p data-start=\"814\" data-end=\"846\">Couvre jusqu&#039;\u00e0 <strong data-start=\"827\" data-end=\"841\">\u20ac1,000,000<\/strong> pour:<\/p><ul data-start=\"849\" data-end=\"930\"><li data-start=\"849\" data-end=\"887\"><p data-start=\"851\" data-end=\"887\"><strong data-start=\"851\" data-end=\"868\">Dommages corporels<\/strong> \u00e0 des tiers<\/p><\/li><li data-start=\"890\" data-end=\"930\"><p data-start=\"892\" data-end=\"930\"><strong data-start=\"892\" data-end=\"911\">Dommages mat\u00e9riels<\/strong> caus\u00e9 aux autres<\/p><\/li><\/ul><\/li><li data-start=\"931\" data-end=\"1019\"><p data-start=\"933\" data-end=\"1019\">Fournit une couverture essentielle en cas d\u2019accident impliquant d\u2019autres personnes ou v\u00e9hicules.<\/p><\/li><\/ul><hr data-start=\"1021\" data-end=\"1024\" \/><h3 data-start=\"1026\" data-end=\"1067\"><strong data-start=\"1030\" data-end=\"1067\">Assurance individuelle contre les accidents (PAI)<\/strong><\/h3><ul data-start=\"1068\" data-end=\"1253\"><li data-start=\"1068\" data-end=\"1146\"><p data-start=\"1070\" data-end=\"1146\"><strong data-start=\"1070\" data-end=\"1084\">Passagers<\/strong> sont couverts jusqu&#039;\u00e0 <strong data-start=\"1103\" data-end=\"1117\">\u20ac1,000,000<\/strong> pour les d\u00e9penses li\u00e9es aux blessures.<\/p><\/li><li data-start=\"1147\" data-end=\"1193\"><p data-start=\"1149\" data-end=\"1193\">Le <strong data-start=\"1153\" data-end=\"1163\">conducteur<\/strong> est couvert jusqu&#039;\u00e0 <strong data-start=\"1181\" data-end=\"1192\">\u20ac15,000<\/strong>.<\/p><\/li><li data-start=\"1194\" data-end=\"1253\"><p data-start=\"1196\" data-end=\"1253\">Assure une protection suppl\u00e9mentaire pour tous ceux qui se trouvent \u00e0 l&#039;int\u00e9rieur du v\u00e9hicule.<\/p><h3 data-start=\"123\" data-end=\"171\"><strong data-start=\"127\" data-end=\"171\">Super Collision Damage Waiver (SCDW)<\/strong><\/h3><p data-start=\"173\" data-end=\"392\">Pour certaines cat\u00e9gories de v\u00e9hicules qui <strong data-start=\"209\" data-end=\"240\">n&#039;offre pas d&#039;assurance compl\u00e8te<\/strong>, le <strong data-start=\"246\" data-end=\"265\">Option SCDW<\/strong> est disponible. Cette mise \u00e0 niveau r\u00e9duit la responsabilit\u00e9 financi\u00e8re du locataire (<strong data-start=\"335\" data-end=\"345\">exc\u00e8s<\/strong>) en cas de dommage, en payant une <strong data-start=\"378\" data-end=\"391\">tarif journalier<\/strong>.<\/p><p data-start=\"394\" data-end=\"473\">La SCDW est disponible pour les cat\u00e9gories suivantes avec des montants de franchise r\u00e9duits\u00a0:<\/p><ul data-start=\"475\" data-end=\"557\"><li data-start=\"475\" data-end=\"500\"><p data-start=\"477\" data-end=\"500\"><strong data-start=\"477\" data-end=\"493\">Groupe E, E1 :<\/strong> \u20ac400<\/p><\/li><li data-start=\"501\" data-end=\"531\"><p data-start=\"503\" data-end=\"531\"><strong data-start=\"503\" data-end=\"524\">Groupe S3, K2, K3 :<\/strong> \u20ac600<\/p><\/li><li data-start=\"532\" data-end=\"557\"><p data-start=\"534\" data-end=\"557\"><strong data-start=\"534\" data-end=\"550\">Groupe S4, F :<\/strong> \u20ac800<\/p><\/li><\/ul><blockquote data-start=\"559\" data-end=\"679\"><p data-start=\"561\" data-end=\"679\">Cette option offre une tranquillit\u00e9 d&#039;esprit suppl\u00e9mentaire aux locataires de v\u00e9hicules de cat\u00e9gorie sup\u00e9rieure pour lesquels une assurance compl\u00e8te n&#039;est pas disponible.<\/p><\/blockquote><\/li><\/ul><p style=\"margin-block: 0px 0.9rem; font-size: 16px; text-align: start;\">\u00a0<\/p><p><span style=\"color: #000000;\">\u00a0<\/span><\/p><p><span style=\"font-family: inherit; font-size: inherit; font-style: inherit; font-variant-ligatures: inherit; font-variant-caps: inherit; letter-spacing: var(--theme-letter-spacing); text-transform: var(--theme-text-transform); background-color: var(--theme-palette-color-8);\"><span style=\"color: var(--theme-text-color); font-weight: bold;\"><br \/><br \/><\/span><\/span><\/p><h3 data-start=\"92\" data-end=\"122\">\u00a0<\/h3><\/li><\/ul><p style=\"margin-bottom: var(--theme-content-spacing); font-size: 16px; text-align: start;\">\u00a0<\/p>\t\t\t\t\t\t\t\t<\/div>\n\t\t\t\t<\/div>\n\t\t\t\t\t<\/div>\n\t\t<\/div>\n\t\t\t\t\t<\/div>\n\t\t<\/section>\n\t\t\t\t<\/div>","protected":false},"excerpt":{"rendered":"<p>Assurance habitation\u00a0: Formule d\u2019assurance standard \u2013 Garantie collision (CDW) La garantie collision (CDW) est incluse dans le prix de la location et limite la responsabilit\u00e9 financi\u00e8re du locataire en cas de dommages au v\u00e9hicule, jusqu\u2019\u00e0 un montant de franchise sp\u00e9cifique. Le montant de la franchise d\u00e9pend de la cat\u00e9gorie du v\u00e9hicule\u00a0: Groupe A, [\u2026]<\/p>","protected":false},"author":1,"featured_media":0,"parent":0,"menu_order":0,"comment_status":"closed","ping_status":"closed","template":"elementor_header_footer","meta":{"footnotes":""},"class_list":["post-738","page","type-page","status-publish","hentry"],"blocksy_meta":[],"_links":{"self":[{"href":"https:\/\/aegean-rentals.com\/fr\/wp-json\/wp\/v2\/pages\/738","targetHints":{"allow":["GET"]}}],"collection":[{"href":"https:\/\/aegean-rentals.com\/fr\/wp-json\/wp\/v2\/pages"}],"about":[{"href":"https:\/\/aegean-rentals.com\/fr\/wp-json\/wp\/v2\/types\/page"}],"author":[{"embeddable":true,"href":"https:\/\/aegean-rentals.com\/fr\/wp-json\/wp\/v2\/users\/1"}],"replies":[{"embeddable":true,"href":"https:\/\/aegean-rentals.com\/fr\/wp-json\/wp\/v2\/comments?post=738"}],"version-history":[{"count":29,"href":"https:\/\/aegean-rentals.com\/fr\/wp-json\/wp\/v2\/pages\/738\/revisions"}],"predecessor-version":[{"id":892,"href":"https:\/\/aegean-rentals.com\/fr\/wp-json\/wp\/v2\/pages\/738\/revisions\/892"}],"wp:attachment":[{"href":"https:\/\/aegean-rentals.com\/fr\/wp-json\/wp\/v2\/media?parent=738"}],"curies":[{"name":"wp","href":"https:\/\/api.w.org\/{rel}","templated":true}]}}