{"id":230,"date":"2023-05-05T15:58:23","date_gmt":"2023-05-05T12:58:23","guid":{"rendered":"https:\/\/trafficrent.marketup.pro\/?page_id=230"},"modified":"2023-12-28T20:14:00","modified_gmt":"2023-12-28T18:14:00","slug":"polityka-najmu","status":"publish","type":"page","link":"https:\/\/aegean-rentals.com\/pl\/polityka-najmu\/","title":{"rendered":"Polityka wynajmu"},"content":{"rendered":"<div data-elementor-type=\"wp-page\" data-elementor-id=\"230\" class=\"elementor elementor-230\" data-elementor-post-type=\"page\">\n\t\t\t\t\t\t<section class=\"elementor-section elementor-top-section elementor-element elementor-element-eca0794 elementor-section-boxed elementor-section-height-default elementor-section-height-default\" data-id=\"eca0794\" data-element_type=\"section\" data-e-type=\"section\" data-settings=\"{&quot;background_background&quot;:&quot;classic&quot;}\">\n\t\t\t\t\t\t<div class=\"elementor-container elementor-column-gap-default\">\n\t\t\t\t\t<div class=\"elementor-column elementor-col-100 elementor-top-column elementor-element elementor-element-bfdaeed\" data-id=\"bfdaeed\" data-element_type=\"column\" data-e-type=\"column\">\n\t\t\t<div class=\"elementor-widget-wrap elementor-element-populated\">\n\t\t\t\t\t\t<div class=\"elementor-element elementor-element-b78167c elementor-widget elementor-widget-heading\" data-id=\"b78167c\" data-element_type=\"widget\" data-e-type=\"widget\" data-widget_type=\"heading.default\">\n\t\t\t\t<div class=\"elementor-widget-container\">\n\t\t\t\t\t<h1 class=\"elementor-heading-title elementor-size-default\">Polityka wynajmu<\/h1>\t\t\t\t<\/div>\n\t\t\t\t<\/div>\n\t\t\t\t<div class=\"elementor-element elementor-element-1a43fe2 elementor-icon-list--layout-inline elementor-align-center elementor-list-item-link-full_width elementor-widget elementor-widget-icon-list\" data-id=\"1a43fe2\" data-element_type=\"widget\" data-e-type=\"widget\" data-widget_type=\"icon-list.default\">\n\t\t\t\t<div class=\"elementor-widget-container\">\n\t\t\t\t\t\t\t<ul class=\"elementor-icon-list-items elementor-inline-items\">\n\t\t\t\t\t\t\t<li class=\"elementor-icon-list-item elementor-inline-item\">\n\t\t\t\t\t\t\t\t\t\t\t<a href=\"https:\/\/aegean-rentals.com\/pl\">\n\n\t\t\t\t\t\t\t\t\t\t\t<span class=\"elementor-icon-list-text\">DOM<\/span>\n\t\t\t\t\t\t\t\t\t\t\t<\/a>\n\t\t\t\t\t\t\t\t\t<\/li>\n\t\t\t\t\t\t\t\t<li class=\"elementor-icon-list-item elementor-inline-item\">\n\t\t\t\t\t\t\t\t\t\t\t<span class=\"elementor-icon-list-icon\">\n\t\t\t\t\t\t\t<i aria-hidden=\"true\" class=\"fas fa-chevron-right\"><\/i>\t\t\t\t\t\t<\/span>\n\t\t\t\t\t\t\t\t\t\t<span class=\"elementor-icon-list-text\">Polityka wynajmu<\/span>\n\t\t\t\t\t\t\t\t\t<\/li>\n\t\t\t\t\t\t<\/ul>\n\t\t\t\t\t\t<\/div>\n\t\t\t\t<\/div>\n\t\t\t\t\t<\/div>\n\t\t<\/div>\n\t\t\t\t\t<\/div>\n\t\t<\/section>\n\t\t\t\t<section class=\"elementor-section elementor-top-section elementor-element elementor-element-a0b6785 elementor-section-boxed elementor-section-height-default elementor-section-height-default\" data-id=\"a0b6785\" data-element_type=\"section\" data-e-type=\"section\">\n\t\t\t\t\t\t<div class=\"elementor-container elementor-column-gap-no\">\n\t\t\t\t\t<div class=\"elementor-column elementor-col-100 elementor-top-column elementor-element elementor-element-69404e7\" data-id=\"69404e7\" data-element_type=\"column\" data-e-type=\"column\">\n\t\t\t<div class=\"elementor-widget-wrap elementor-element-populated\">\n\t\t\t\t\t\t<div class=\"elementor-element elementor-element-e26de39 elementor-widget elementor-widget-text-editor\" data-id=\"e26de39\" data-element_type=\"widget\" data-e-type=\"widget\" data-widget_type=\"text-editor.default\">\n\t\t\t\t<div class=\"elementor-widget-container\">\n\t\t\t\t\t\t\t\t\t<h5>Co musisz wiedzie\u0107, wynajmuj\u0105c samoch\u00f3d u nas<\/h5><p>Do najmu maj\u0105 zastosowanie poni\u017csze og\u00f3lne warunki najmu. Nale\u017cy pami\u0119ta\u0107, \u017ce szczeg\u00f3\u0142owe warunki wynajmu, kt\u00f3re mog\u0105 mie\u0107 zastosowanie do wynajmu, s\u0105 dost\u0119pne w sekcji szczeg\u00f3\u0142owe warunki wynajmu. Aegean Rentals zdecydowanie zaleca uwa\u017cne przeczytanie og\u00f3lnych warunk\u00f3w wynajmu, a tak\u017ce szczeg\u00f3\u0142owych warunk\u00f3w wynajmu maj\u0105cych zastosowanie do wynajmu. Aegean Rentals zdecydowanie zaleca r\u00f3wnie\u017c uwa\u017cne zapoznanie si\u0119 z warunkami zawartymi w umowie najmu, kt\u00f3r\u0105 podpisa\u0142e\u015b na stacji Aegean Rentals przed wymeldowaniem. Aby u\u0142atwi\u0107 proces wynajmu, warunki wynajmu Aegean Rentals s\u0105 dost\u0119pne w j\u0119zyku lokalnym oraz w j\u0119zyku angielskim.<\/p><h5>Og\u00f3lne warunki<\/h5><p><strong>WIEK KIEROWCY<\/strong>: Minimalny wiek kierowcy dla posiadaczy kart kredytowych wynosi 21 lat, a dla os\u00f3b nieposiadaj\u0105cych karty kredytowej 23 lata. W przypadku samochod\u00f3w kategorii F, K-K2, L3, S1-S3 i \u039c minimalny wiek kierowcy wynosi 25 lat.<\/p><p><strong>PRAWO JAZDY<\/strong>:Kierowca musi posiada\u0107 pe\u0142ne prawo jazdy od co najmniej 3 lat.<\/p><p><strong>MINIMALNY CZAS WYNAJMU<\/strong>: 24 godziny, 29 minut po zako\u0144czeniu 24-godzinnego okresu wynajmu, zostanie naliczona op\u0142ata za dodatkowy dzie\u0144.<\/p><p><strong>GRZYWNY<\/strong>: Wszystkie mandaty i kary administracyjne op\u0142aca kierowca.<\/p><p><strong>UBEZPIECZENIE<\/strong>: Wynaj\u0119te samochody prowadzone przez kierowc\u0119 zatwierdzonego przez Aegean Rentals s\u0105 ubezpieczone na wypadek \u015bmierci os\u00f3b trzecich i szk\u00f3d spowodowanych po\u017carem.<br \/>NADMIAR UBEZPIECZENIA: Kwota nadwy\u017cki p\u0142atna w przypadku roszczenia ubezpieczeniowego jest pokazana tutaj dla nast\u0119puj\u0105cych kategorii:<\/p><p>-200<span lang=\"en\">\u20ac , A , B , C , L, L1<br \/><\/span>-300<span lang=\"en\">\u20ac , D , D1 ,<br \/><\/span>-400<span lang=\"en\">\u20ac, S, K, K1, D2, L2<br \/><\/span>-500<span lang=\"en\">\u20ac, E, L3<br \/><\/span>-600<span lang=\"en\">\u20ac, E1 <br \/><\/span>-700<span lang=\"en\">\u20ac , F , <br \/>-800\u20ac, K2-K3, S1-S3, Q1-Q3 <br \/><\/span><\/p><p><strong>OP\u0141ATA PALIWOWA<\/strong>: 18 \u20ac + VAT<br \/><strong>DOST\u0118PNO\u015a\u0106 SAMOCHODU<\/strong>: Firma zastrzega sobie prawo do wymiany typ\u00f3w samochod\u00f3w w ka\u017cdej kategorii.<br \/><strong>ODBI\u00d3R-DOSTAWA<\/strong>: Bezp\u0142atnie dla wszystkich kategorii.<br \/><strong>WYJAZD SAMOCHODOWY Z GRECJI<\/strong>: Wynaj\u0119tym samochodem nie mo\u017cna wyje\u017cd\u017ca\u0107 poza granice Grecji bez uprzedniej pisemnej zgody Aegean Rentals<br \/><strong>TRANSPORT WODNY<\/strong>: Samochodu nie mo\u017cna zaokr\u0119towa\u0107 na statek bez uprzedniej pisemnej zgody Aegean Rentals.<\/p><h5>Polisy ubezpieczeniowe samochod\u00f3w luksusowych<\/h5><p>SAMOCHODY KATEGORII LUKSUSOWE MO\u017bNA WYNAJMOWA\u0106 WY\u0141\u0104CZNIE Z UBEZPIECZENIEM CDW<\/p><h5>CDW<\/h5><p>Za pierwsze odpowiada Najemca<\/p><ul><li>750 euro dla kategorii M1, \u039c2,<\/li><li>1.000 euro dla kategorii \u039c3, \u039c4, \u039c5, \u039c11, \u039c12, \u039c13<\/li><li>1.500 euro dla kategorii M6, M7, M10, M14, M15, M19<\/li><li>2.000 euro dla kategorii M8, M16<\/li><li>2.500 euro dla kategorii M17, M18, M20<\/li><li>5.000 euro dla kategorii M9<\/li><\/ul><p>Najemca jest odpowiedzialny za pokrycie wszelkich szk\u00f3d spowodowanych przez wewn\u0119trzne felgi podwozia, r\u00f3wnie\u017c je\u015bli mog\u0105<\/p><p>by\u0107 czym\u015b wi\u0119cej ni\u017c tylko w\u0142asnym ryzykiem. Ubezpieczenie CDW nie ma zastosowania, je\u015bli szkody wynikaj\u0105 z naruszenia greckiego kodeksu drogowego.<\/p><p>W przypadku wszystkich samochod\u00f3w kategorii luksusowej wymagana jest karta kredytowa (lub w niekt\u00f3rych przypadkach got\u00f3wka) jako gwarancja.<\/p><p>Wszystkie stawki s\u0105 cenami dziennymi i zawieraj\u0105 podatek VAT 24% oraz nieograniczon\u0105 liczb\u0119 kilometr\u00f3w.<\/p><ul><li>Ca\u0142odobowa pomoc telefoniczna w nag\u0142ych wypadkach<\/li><li>Ca\u0142odobowa pomoc drogowa<\/li><li>Zmiana samochodu w przypadku awarii<\/li><li>Pe\u0142ne ubezpieczenie<\/li><li>\u017badnych niespodzianek przy biurku<\/li><li>Nielimitowane kilometry<\/li><li>Dostawy\/odbi\u00f3r na lotnisku, w Twoim hotelu lub w naszych biurach<\/li><\/ul><p><em>Uwaga: pami\u0119taj, aby poprosi\u0107 o preferowany rodzaj paliwa, rodzaj skrzyni bieg\u00f3w i inne szczeg\u00f3\u0142y, aby otrzyma\u0107 najlepsz\u0105 mo\u017cliw\u0105 pomoc od naszych do\u015bwiadczonych przedstawicieli!<\/em><\/p><p><strong>Anulowanie rezerwacji<\/strong><br \/>Po potwierdzeniu rezerwacji mo\u017cesz j\u0105 anulowa\u0107, wysy\u0142aj\u0105c do nas e-mail na adres info@aegean-rentals.com z tego samego adresu e-mail, na kt\u00f3ry dokonano rezerwacji, podaj\u0105c nam swoje imi\u0119 i nazwisko oraz numer zam\u00f3wienia. Numer zam\u00f3wienia zostanie Pa\u0144stwu przes\u0142any po zako\u0144czeniu rezerwacji online w formie potwierdzenia e-mailem. <br \/>Je\u017celi nie masz dost\u0119pu do tych informacji, po prostu skontaktuj si\u0119 z nami.<\/p><p><strong>Zasady anulowania<\/strong><br \/>Nasze zasady anulowania rezerwacji r\u00f3\u017cni\u0105 si\u0119 w zale\u017cno\u015bci od rodzaju dokonanej rezerwacji:<\/p><p>-Rezerwacje z cz\u0119\u015bciow\u0105 przedp\u0142at\u0105<\/p><p>-W pe\u0142ni op\u0142acone rezerwacje<\/p><p>Rezerwacje z cz\u0119\u015bciow\u0105 przedp\u0142at\u0105:<\/p><p>Anuluj wi\u0119cej ni\u017c 72 godziny przed czasem odbioru<br \/>Je\u015bli zdecydujesz si\u0119 na anulowanie cz\u0119\u015bciowo op\u0142aconej rezerwacji na 72 godziny przed terminem odbioru wynajmu, zwr\u00f3cimy wp\u0142acon\u0105 kaucj\u0119 na kwot\u0119 rezerwacji. Po anulowaniu zwr\u00f3cimy Ci \u015brodki w ci\u0105gu oko\u0142o 7 dni roboczych. Kredyty zostan\u0105 zaksi\u0119gowane na tej samej karcie, za pomoc\u0105 kt\u00f3rej dokona\u0142e\u015b przedp\u0142aty.<\/p><p>Anuluj w ci\u0105gu 72 godzin przed czasem odbioru<br \/>Je\u015bli anulujesz rezerwacj\u0119 na mniej ni\u017c 48 godzin przed czasem odbioru, depozyt nie zostanie zwr\u00f3cony.<\/p><p><strong>Brak pokazu<\/strong><br \/>Je\u017celi nie anulujesz rezerwacji przed terminem odbioru i nie odbierzesz wypo\u017cyczonego pojazdu w dniu wynajmu, kaucja nie zostanie zwr\u00f3cona.<\/p><p><strong>Rezerwacje z pe\u0142n\u0105 przedp\u0142at\u0105:<\/strong><\/p><p>Anuluj wi\u0119cej ni\u017c 72 godziny przed czasem odbioru<br \/>Je\u015bli zdecydujesz si\u0119 anulowa\u0107 ca\u0142kowicie op\u0142acon\u0105 rezerwacj\u0119 na 72 godziny przed godzin\u0105 odbioru wynajmu, zwr\u00f3cimy pe\u0142n\u0105 przedp\u0142acon\u0105 kwot\u0119. Po anulowaniu zwr\u00f3cimy Ci \u015brodki w ci\u0105gu oko\u0142o 7 dni roboczych. Kredyty zostan\u0105 zaksi\u0119gowane na tej samej karcie, za pomoc\u0105 kt\u00f3rej dokona\u0142e\u015b przedp\u0142aty.<\/p><p>Anuluj w ci\u0105gu 72 godzin przed czasem odbioru<br \/>Je\u015bli anulujesz rezerwacj\u0119 na mniej ni\u017c 72 godziny przed czasem odbioru, 50% przedp\u0142aconej kwoty zostanie zwr\u00f3cone.<\/p><p><strong>Brak pokazu<\/strong><br \/>Je\u017celi nie anulujesz rezerwacji przed terminem odbioru, a wynaj\u0119ty pojazd nie zostanie odebrany w dniu wynajmu, \u017cadna cz\u0119\u015b\u0107 przedp\u0142aconej kwoty nie zostanie zwr\u00f3cona.<\/p><p><script src=\"moz-extension:\/\/f1cebbb2-6c96-401e-acee-4671fdf99cfb\/js\/app.js\" type=\"text\/javascript\"><\/script><\/p>\t\t\t\t\t\t\t\t<\/div>\n\t\t\t\t<\/div>\n\t\t\t\t\t<\/div>\n\t\t<\/div>\n\t\t\t\t\t<\/div>\n\t\t<\/section>\n\t\t\t\t<\/div>","protected":false},"excerpt":{"rendered":"<p>Polityka wynajmu STRONA G\u0141\u00d3WNA Polityka wynajmu Co musisz wiedzie\u0107, wynajmuj\u0105c u nas samoch\u00f3d? Poni\u017csze og\u00f3lne warunki wynajmu maj\u0105 zastosowanie do wynajmu. Szczeg\u00f3\u0142owe warunki wynajmu, kt\u00f3re mog\u0105 mie\u0107 zastosowanie do wynajmu, s\u0105 dost\u0119pne w sekcji \u201eSzczeg\u00f3\u0142owe warunki wynajmu\u201d. Aegean Rentals zdecydowanie zaleca uwa\u017cne zapoznanie si\u0119 z [\u2026]<\/p>","protected":false},"author":1,"featured_media":0,"parent":0,"menu_order":0,"comment_status":"closed","ping_status":"closed","template":"elementor_header_footer","meta":{"footnotes":""},"class_list":["post-230","page","type-page","status-publish","hentry"],"blocksy_meta":[],"_links":{"self":[{"href":"https:\/\/aegean-rentals.com\/pl\/wp-json\/wp\/v2\/pages\/230","targetHints":{"allow":["GET"]}}],"collection":[{"href":"https:\/\/aegean-rentals.com\/pl\/wp-json\/wp\/v2\/pages"}],"about":[{"href":"https:\/\/aegean-rentals.com\/pl\/wp-json\/wp\/v2\/types\/page"}],"author":[{"embeddable":true,"href":"https:\/\/aegean-rentals.com\/pl\/wp-json\/wp\/v2\/users\/1"}],"replies":[{"embeddable":true,"href":"https:\/\/aegean-rentals.com\/pl\/wp-json\/wp\/v2\/comments?post=230"}],"version-history":[{"count":46,"href":"https:\/\/aegean-rentals.com\/pl\/wp-json\/wp\/v2\/pages\/230\/revisions"}],"predecessor-version":[{"id":666,"href":"https:\/\/aegean-rentals.com\/pl\/wp-json\/wp\/v2\/pages\/230\/revisions\/666"}],"wp:attachment":[{"href":"https:\/\/aegean-rentals.com\/pl\/wp-json\/wp\/v2\/media?parent=230"}],"curies":[{"name":"wp","href":"https:\/\/api.w.org\/{rel}","templated":true}]}}