{"id":269,"date":"2023-05-05T16:23:30","date_gmt":"2023-05-05T13:23:30","guid":{"rendered":"https:\/\/trafficrent.marketup.pro\/?page_id=269"},"modified":"2026-04-14T13:02:50","modified_gmt":"2026-04-14T10:02:50","slug":"o-nas","status":"publish","type":"page","link":"https:\/\/aegean-rentals.com\/pl\/o-nas\/","title":{"rendered":"O nas"},"content":{"rendered":"<div data-elementor-type=\"wp-page\" data-elementor-id=\"269\" class=\"elementor elementor-269\" data-elementor-post-type=\"page\">\n\t\t\t\t<div class=\"elementor-element elementor-element-3f3582a e-flex e-con-boxed e-con e-parent\" data-id=\"3f3582a\" data-element_type=\"container\" data-e-type=\"container\" data-settings=\"{&quot;background_background&quot;:&quot;classic&quot;}\">\n\t\t\t\t\t<div class=\"e-con-inner\">\n\t\t<div class=\"elementor-element elementor-element-8ba95fe e-con-full e-flex e-con e-child\" data-id=\"8ba95fe\" data-element_type=\"container\" data-e-type=\"container\">\n\t\t\t\t<div class=\"elementor-element elementor-element-a7148a9 elementor-widget elementor-widget-heading\" data-id=\"a7148a9\" data-element_type=\"widget\" data-e-type=\"widget\" data-widget_type=\"heading.default\">\n\t\t\t\t<div class=\"elementor-widget-container\">\n\t\t\t\t\t<h1 class=\"elementor-heading-title elementor-size-default\">o nas<\/h1>\t\t\t\t<\/div>\n\t\t\t\t<\/div>\n\t\t\t\t<div class=\"elementor-element elementor-element-e1f0bdd elementor-icon-list--layout-inline elementor-align-center elementor-list-item-link-full_width elementor-widget elementor-widget-icon-list\" data-id=\"e1f0bdd\" data-element_type=\"widget\" data-e-type=\"widget\" data-widget_type=\"icon-list.default\">\n\t\t\t\t<div class=\"elementor-widget-container\">\n\t\t\t\t\t\t\t<ul class=\"elementor-icon-list-items elementor-inline-items\">\n\t\t\t\t\t\t\t<li class=\"elementor-icon-list-item elementor-inline-item\">\n\t\t\t\t\t\t\t\t\t\t\t<a href=\"https:\/\/aegean-rentals.com\/pl\">\n\n\t\t\t\t\t\t\t\t\t\t\t<span class=\"elementor-icon-list-text\">DOM<\/span>\n\t\t\t\t\t\t\t\t\t\t\t<\/a>\n\t\t\t\t\t\t\t\t\t<\/li>\n\t\t\t\t\t\t\t\t<li class=\"elementor-icon-list-item elementor-inline-item\">\n\t\t\t\t\t\t\t\t\t\t\t<span class=\"elementor-icon-list-icon\">\n\t\t\t\t\t\t\t<i aria-hidden=\"true\" class=\"fas fa-chevron-right\"><\/i>\t\t\t\t\t\t<\/span>\n\t\t\t\t\t\t\t\t\t\t<span class=\"elementor-icon-list-text\">O NAS<\/span>\n\t\t\t\t\t\t\t\t\t<\/li>\n\t\t\t\t\t\t<\/ul>\n\t\t\t\t\t\t<\/div>\n\t\t\t\t<\/div>\n\t\t\t\t<\/div>\n\t\t\t\t\t<\/div>\n\t\t\t\t<\/div>\n\t\t<div class=\"elementor-element elementor-element-95f3297 e-flex e-con-boxed e-con e-parent\" data-id=\"95f3297\" data-element_type=\"container\" data-e-type=\"container\">\n\t\t\t\t\t<div class=\"e-con-inner\">\n\t\t<div class=\"elementor-element elementor-element-68baf70 e-con-full e-flex e-con e-child\" data-id=\"68baf70\" data-element_type=\"container\" data-e-type=\"container\">\n\t\t\t\t<div class=\"elementor-element elementor-element-d73e9c1 elementor-widget elementor-widget-heading\" data-id=\"d73e9c1\" data-element_type=\"widget\" data-e-type=\"widget\" data-widget_type=\"heading.default\">\n\t\t\t\t<div class=\"elementor-widget-container\">\n\t\t\t\t\t<h2 class=\"elementor-heading-title elementor-size-default\">Kreta Wynajem Samochod\u00f3w<\/h2>\t\t\t\t<\/div>\n\t\t\t\t<\/div>\n\t\t\t\t<div class=\"elementor-element elementor-element-1a89c4c elementor-widget elementor-widget-text-editor\" data-id=\"1a89c4c\" data-element_type=\"widget\" data-e-type=\"widget\" data-widget_type=\"text-editor.default\">\n\t\t\t\t<div class=\"elementor-widget-container\">\n\t\t\t\t\t\t\t\t\t<p>Aegean Rentals dzia\u0142a w bran\u017cy wynajmu samochod\u00f3w\/wynajmu samochod\u00f3w od 1986 roku. Od za\u0142o\u017cenia firmy a\u017c do dnia dzisiejszego nasza filozofia koncentruje si\u0119 na utrzymaniu nowoczesnej floty samochod\u00f3w wysokiej jako\u015bci i \u015bwiadczeniu najwy\u017cszej jako\u015bci us\u0142ug. Jeste\u015bmy w stanie s\u0142u\u017cy\u0107 naszym klientom natychmiastowo i profesjonalnie, utrzymuj\u0105c wsp\u00f3\u0142prac\u0119 z g\u0142\u00f3wnymi biurami podr\u00f3\u017cy i hotelami na ca\u0142ej Krecie i Mykonos, a jednocze\u015bnie stale wzbogacaj\u0105c nasz\u0105 flot\u0119 o szerok\u0105 gam\u0119 modeli konwencjonalnych i luksusowych.<\/p>\t\t\t\t\t\t\t\t<\/div>\n\t\t\t\t<\/div>\n\t\t\t\t<\/div>\n\t\t<div class=\"elementor-element elementor-element-2016ea3 e-con-full e-flex e-con e-child\" data-id=\"2016ea3\" data-element_type=\"container\" data-e-type=\"container\" data-settings=\"{&quot;background_background&quot;:&quot;classic&quot;}\">\n\t\t\t\t<div class=\"elementor-element elementor-element-ff206d8 elementor-widget elementor-widget-spacer\" data-id=\"ff206d8\" data-element_type=\"widget\" data-e-type=\"widget\" data-widget_type=\"spacer.default\">\n\t\t\t\t<div class=\"elementor-widget-container\">\n\t\t\t\t\t\t\t<div class=\"elementor-spacer\">\n\t\t\t<div class=\"elementor-spacer-inner\"><\/div>\n\t\t<\/div>\n\t\t\t\t\t\t<\/div>\n\t\t\t\t<\/div>\n\t\t\t\t<\/div>\n\t\t\t\t\t<\/div>\n\t\t\t\t<\/div>\n\t\t<div class=\"elementor-element elementor-element-ec8b09e e-flex e-con-boxed e-con e-parent\" data-id=\"ec8b09e\" data-element_type=\"container\" data-e-type=\"container\" data-settings=\"{&quot;background_background&quot;:&quot;classic&quot;}\">\n\t\t\t\t\t<div class=\"e-con-inner\">\n\t\t<div class=\"elementor-element elementor-element-cab6e6b e-con-full e-flex e-con e-child\" data-id=\"cab6e6b\" data-element_type=\"container\" data-e-type=\"container\">\n\t\t\t\t<div class=\"elementor-element elementor-element-97505fb elementor-widget elementor-widget-heading\" data-id=\"97505fb\" data-element_type=\"widget\" data-e-type=\"widget\" data-widget_type=\"heading.default\">\n\t\t\t\t<div class=\"elementor-widget-container\">\n\t\t\t\t\t<h2 class=\"elementor-heading-title elementor-size-default\">Jak my pracujemy\n\n<\/h2>\t\t\t\t<\/div>\n\t\t\t\t<\/div>\n\t\t\t\t<div class=\"elementor-element elementor-element-0b04997 elementor-widget elementor-widget-text-editor\" data-id=\"0b04997\" data-element_type=\"widget\" data-e-type=\"widget\" data-widget_type=\"text-editor.default\">\n\t\t\t\t<div class=\"elementor-widget-container\">\n\t\t\t\t\t\t\t\t\t<p>W Aegean Rentals korzystamy z naszego wieloletniego do\u015bwiadczenia, pracuj\u0105c z profesjonalizmem i konsekwencj\u0105. Oferujemy nasze us\u0142ugi na lotniska w Heraklionie, Chanii i Mykonos oraz do port\u00f3w obu wysp, posiadamy biuro obs\u0142ugi w du\u017cych hotelach na Krecie i jednocze\u015bnie oferujemy mo\u017cliwo\u015b\u0107 dostawy samochodu do wszystkich hoteli i willi na wyspie. Dbamy o to, aby wszyscy nasi klienci byli zadowoleni i usatysfakcjonowani konsekwentnym terminem dostaw i obs\u0142ug\u0105 24 godziny na dob\u0119, 7 dni w tygodniu, zapewnian\u0105 przez nasz do\u015bwiadczony, wieloj\u0119zyczny personel.<\/p>\t\t\t\t\t\t\t\t<\/div>\n\t\t\t\t<\/div>\n\t\t\t\t<\/div>\n\t\t\t\t\t<\/div>\n\t\t\t\t<\/div>\n\t\t<div class=\"elementor-element elementor-element-52c0864 e-flex e-con-boxed e-con e-parent\" data-id=\"52c0864\" data-element_type=\"container\" data-e-type=\"container\">\n\t\t\t\t\t<div class=\"e-con-inner\">\n\t\t<div class=\"elementor-element elementor-element-2532f7c e-con-full e-flex e-con e-child\" data-id=\"2532f7c\" data-element_type=\"container\" data-e-type=\"container\">\n\t\t\t\t<div class=\"elementor-element elementor-element-fb02b3d elementor-widget elementor-widget-heading\" data-id=\"fb02b3d\" data-element_type=\"widget\" data-e-type=\"widget\" data-widget_type=\"heading.default\">\n\t\t\t\t<div class=\"elementor-widget-container\">\n\t\t\t\t\t<h2 class=\"elementor-heading-title elementor-size-default\">Biura\n\n<\/h2>\t\t\t\t<\/div>\n\t\t\t\t<\/div>\n\t\t\t\t<div class=\"elementor-element elementor-element-3605bd3 elementor-widget elementor-widget-text-editor\" data-id=\"3605bd3\" data-element_type=\"widget\" data-e-type=\"widget\" data-widget_type=\"text-editor.default\">\n\t\t\t\t<div class=\"elementor-widget-container\">\n\t\t\t\t\t\t\t\t\t<p>Aegean Rentals ma biura na dw\u00f3ch najbardziej turystycznych wyspach Grecji, Krecie i Mykonos. Sie\u0107 biur i punkt\u00f3w us\u0142ugowych firmy rozci\u0105ga si\u0119 na wyspy, obs\u0142uguj\u0105c lotniska Heraklion, Chania i Mykonos, odpowiednie porty, a tak\u017ce du\u017ce hotele, wille itp. Nasze biura dzia\u0142aj\u0105 24 godziny na dob\u0119, 7 dni w tygodniu, aby s\u0142u\u017cy\u0107 wszystkim Twoim potrzebom, bezpo\u015brednio, konsekwentnie i profesjonalnie.<\/p>\t\t\t\t\t\t\t\t<\/div>\n\t\t\t\t<\/div>\n\t\t<div class=\"elementor-element elementor-element-4de4ad3 e-con-full e-flex e-con e-child\" data-id=\"4de4ad3\" data-element_type=\"container\" data-e-type=\"container\">\n\t\t<div class=\"elementor-element elementor-element-fc88653 e-con-full e-flex e-con e-child\" data-id=\"fc88653\" data-element_type=\"container\" data-e-type=\"container\">\n\t\t\t\t<div class=\"elementor-element elementor-element-5c70aea elementor-widget elementor-widget-heading\" data-id=\"5c70aea\" data-element_type=\"widget\" data-e-type=\"widget\" data-widget_type=\"heading.default\">\n\t\t\t\t<div class=\"elementor-widget-container\">\n\t\t\t\t\t<h2 class=\"elementor-heading-title elementor-size-default\">Lotnisko w Heraklionie\n\n<\/h2>\t\t\t\t<\/div>\n\t\t\t\t<\/div>\n\t\t\t\t<div class=\"elementor-element elementor-element-38b50dd elementor-widget elementor-widget-google_maps\" data-id=\"38b50dd\" data-element_type=\"widget\" data-e-type=\"widget\" data-widget_type=\"google_maps.default\">\n\t\t\t\t<div class=\"elementor-widget-container\">\n\t\t\t\t\t\t\t<div class=\"elementor-custom-embed\">\n\t\t\t<iframe loading=\"lazy\"\n\t\t\t\t\tsrc=\"https:\/\/maps.google.com\/maps?q=heraklion%20airport&#038;t=m&#038;z=10&#038;output=embed&#038;iwloc=near\"\n\t\t\t\t\ttitle=\"lotnisko w Heraklionie\"\n\t\t\t\t\taria-label=\"lotnisko w Heraklionie\"\n\t\t\t><\/iframe>\n\t\t<\/div>\n\t\t\t\t\t\t<\/div>\n\t\t\t\t<\/div>\n\t\t\t\t<\/div>\n\t\t\t\t<\/div>\n\t\t<div class=\"elementor-element elementor-element-3ff0765 e-con-full e-flex e-con e-child\" data-id=\"3ff0765\" data-element_type=\"container\" data-e-type=\"container\">\n\t\t<div class=\"elementor-element elementor-element-fccd0a1 e-con-full e-flex e-con e-child\" data-id=\"fccd0a1\" data-element_type=\"container\" data-e-type=\"container\">\n\t\t\t\t<div class=\"elementor-element elementor-element-f6e5999 elementor-widget elementor-widget-heading\" data-id=\"f6e5999\" data-element_type=\"widget\" data-e-type=\"widget\" data-widget_type=\"heading.default\">\n\t\t\t\t<div class=\"elementor-widget-container\">\n\t\t\t\t\t<h2 class=\"elementor-heading-title elementor-size-default\"><a href=\"https:\/\/www.google.com\/maps\/place\/Traffic+rent+a+car\/@35.517787,23.9169803,17z\/data=!3m1!4b1!4m5!3m4!1s0x0:0x6e0f615fa09db3c1!8m2!3d35.517787!4d23.919169\" target=\"_blank\" rel=\"nofollow noopener\">Lotnisko w Chanii\n\n<\/a><\/h2>\t\t\t\t<\/div>\n\t\t\t\t<\/div>\n\t\t\t\t<div class=\"elementor-element elementor-element-94fa02c elementor-widget elementor-widget-google_maps\" data-id=\"94fa02c\" data-element_type=\"widget\" data-e-type=\"widget\" data-widget_type=\"google_maps.default\">\n\t\t\t\t<div class=\"elementor-widget-container\">\n\t\t\t\t\t\t\t<div class=\"elementor-custom-embed\">\n\t\t\t<iframe loading=\"lazy\"\n\t\t\t\t\tsrc=\"https:\/\/maps.google.com\/maps?q=aiport%20chania%2C%20crete&#038;t=m&#038;z=10&#038;output=embed&#038;iwloc=near\"\n\t\t\t\t\ttitle=\"lotnisko w Chanii na Krecie\"\n\t\t\t\t\taria-label=\"lotnisko w Chanii na Krecie\"\n\t\t\t><\/iframe>\n\t\t<\/div>\n\t\t\t\t\t\t<\/div>\n\t\t\t\t<\/div>\n\t\t\t\t<\/div>\n\t\t\t\t<\/div>\n\t\t\t\t<\/div>\n\t\t\t\t\t<\/div>\n\t\t\t\t<\/div>\n\t\t\t\t<\/div>","protected":false},"excerpt":{"rendered":"<p>O nas STRONA G\u0141\u00d3WNA O NAS Wypo\u017cyczalnia samochod\u00f3w Crete Aegean Rentals dzia\u0142a w bran\u017cy wynajmu samochod\u00f3w od 1986 roku. Od momentu powstania firmy do dzi\u015b, nasza filozofia koncentruje si\u0119 na utrzymaniu nowoczesnej floty wysokiej jako\u015bci samochod\u00f3w i \u015bwiadczeniu us\u0142ug najwy\u017cszej jako\u015bci. Jeste\u015bmy w stanie obs\u0142ugiwa\u0107 naszych klient\u00f3w [\u2026]<\/p>","protected":false},"author":1,"featured_media":0,"parent":0,"menu_order":0,"comment_status":"closed","ping_status":"closed","template":"elementor_header_footer","meta":{"footnotes":""},"class_list":["post-269","page","type-page","status-publish","hentry"],"blocksy_meta":[],"_links":{"self":[{"href":"https:\/\/aegean-rentals.com\/pl\/wp-json\/wp\/v2\/pages\/269","targetHints":{"allow":["GET"]}}],"collection":[{"href":"https:\/\/aegean-rentals.com\/pl\/wp-json\/wp\/v2\/pages"}],"about":[{"href":"https:\/\/aegean-rentals.com\/pl\/wp-json\/wp\/v2\/types\/page"}],"author":[{"embeddable":true,"href":"https:\/\/aegean-rentals.com\/pl\/wp-json\/wp\/v2\/users\/1"}],"replies":[{"embeddable":true,"href":"https:\/\/aegean-rentals.com\/pl\/wp-json\/wp\/v2\/comments?post=269"}],"version-history":[{"count":49,"href":"https:\/\/aegean-rentals.com\/pl\/wp-json\/wp\/v2\/pages\/269\/revisions"}],"predecessor-version":[{"id":1038,"href":"https:\/\/aegean-rentals.com\/pl\/wp-json\/wp\/v2\/pages\/269\/revisions\/1038"}],"wp:attachment":[{"href":"https:\/\/aegean-rentals.com\/pl\/wp-json\/wp\/v2\/media?parent=269"}],"curies":[{"name":"wp","href":"https:\/\/api.w.org\/{rel}","templated":true}]}}