{"id":545,"date":"2023-07-12T13:31:52","date_gmt":"2023-07-12T10:31:52","guid":{"rendered":"https:\/\/trafficrent.gr\/promotions\/"},"modified":"2023-07-12T13:32:56","modified_gmt":"2023-07-12T10:32:56","slug":"promocje","status":"publish","type":"page","link":"https:\/\/aegean-rentals.com\/pl\/promocje\/","title":{"rendered":"Promocje"},"content":{"rendered":"<div data-elementor-type=\"wp-page\" data-elementor-id=\"545\" class=\"elementor elementor-545\" data-elementor-post-type=\"page\">\n\t\t\t\t\t\t<section class=\"elementor-section elementor-top-section elementor-element elementor-element-6ec8c04f elementor-section-boxed elementor-section-height-default elementor-section-height-default\" data-id=\"6ec8c04f\" data-element_type=\"section\" data-e-type=\"section\" data-settings=\"{&quot;background_background&quot;:&quot;classic&quot;}\">\n\t\t\t\t\t\t<div class=\"elementor-container elementor-column-gap-default\">\n\t\t\t\t\t<div class=\"elementor-column elementor-col-100 elementor-top-column elementor-element elementor-element-b8a9f6a\" data-id=\"b8a9f6a\" data-element_type=\"column\" data-e-type=\"column\">\n\t\t\t<div class=\"elementor-widget-wrap elementor-element-populated\">\n\t\t\t\t\t\t<div class=\"elementor-element elementor-element-7a7e19a5 elementor-widget elementor-widget-shortcode\" data-id=\"7a7e19a5\" data-element_type=\"widget\" data-e-type=\"widget\" data-widget_type=\"shortcode.default\">\n\t\t\t\t<div class=\"elementor-widget-container\">\n\t\t\t\t\t\t\t<div class=\"elementor-shortcode\">\n<div class=\"wrap plugin-container\">\n\n\t\n\t\n\t\t<div class=\"vrc-promotions-container\">\r\n\t\t\t<div class=\"vrc-promotion-details\">\r\n\t\t\t<div class=\"vrc-promotion-head\">\r\n\t\t\t\t<div class=\"vrc-promotion-name-wrap\">\r\n\t\t\t\t\t<h4 class=\"vrc-promotion-name vrc-pref-color-text\">A-07<\/h4>\r\n\t\t\t\t<\/div>\r\n\t\t\t\t<div class=\"vrc-promotion-dates\">\r\n\t\t\t\t\t<div class=\"vrc-promotion-dates-left\">\r\n\t\t\t\t\t\t<div class=\"vrc-promotion-date-from\">\r\n\t\t\t\t\t\t\t<span class=\"vrc-promotion-date-label\">Z<\/span>\r\n\t\t\t\t\t\t\t<span class=\"vrc-promotion-date-from-sp\">01\/07\/2026<\/span>\r\n\t\t\t\t\t\t<\/div>\r\n\t\t\t\t\t\t<div class=\"vrc-promotion-date-to\">\r\n\t\t\t\t\t\t\t<span class=\"vrc-promotion-date-label\">Do<\/span>\r\n\t\t\t\t\t\t\t<span class=\"vrc-promotion-date-to-sp\">31\/07\/2026<\/span>\r\n\t\t\t\t\t\t<\/div>\r\n\t\t\t\t\t<\/div>\r\n\t\t\t\t\t<div class=\"vrc-promotion-dates-right\">\r\n\t\t\t\t\t\t\t\t\t\t\t\t<div class=\"vrc-promotion-discount\">\r\n\t\t\t\t\t\t\t<div class=\"vrc-promotion-discount-details\">\r\n\t\t\t\t\t\t\t\t\t\t\t\t\t\t\t<span class=\"vrc-promotion-discount-percent-amount\">10%<\/span>\r\n\t\t\t\t\t\t\t\t<span class=\"vrc-promotion-discount-percent-txt\">Wy\u0142\u0105czony<\/span>\r\n\t\t\t\t\t\t\t\t\t\t\t\t\t\t\t<\/div>\r\n\t\t\t\t\t\t<\/div>\r\n\t\t\t\t\t\t\t\t\t\t\t\t<div class=\"vrc-promotion-dates-inner\">\r\n\t\t\t\t\t\t\t\t\t\t\t\t\t<div class=\"vrc-promotion-date-validuntil\">\r\n\t\t\t\t\t\t\t\t<span class=\"vrc-promotion-date-label\">Wa\u017cne do<\/span>\r\n\t\t\t\t\t\t\t\t<span>31\/07\/2026<\/span>\r\n\t\t\t\t\t\t\t<\/div>\r\n\t\t\t\t\t\t\t\t\t\t\t\t\t<div class=\"vrc-promotion-date-weekdays\">\r\n\t\t\t\t\t\t\t\t\t\t\t\t\t\t\t<span class=\"vrc-promotion-date-weekday vrc-pref-color-element\">Niedziela<\/span>\r\n\t\t\t\t\t\t\t\t\t\t\t\t\t\t\t\t<span class=\"vrc-promotion-date-weekday vrc-pref-color-element\">Poniedzia\u0142ek<\/span>\r\n\t\t\t\t\t\t\t\t\t\t\t\t\t\t\t\t<span class=\"vrc-promotion-date-weekday vrc-pref-color-element\">Wtorek<\/span>\r\n\t\t\t\t\t\t\t\t\t\t\t\t\t\t\t\t<span class=\"vrc-promotion-date-weekday vrc-pref-color-element\">\u015aroda<\/span>\r\n\t\t\t\t\t\t\t\t\t\t\t\t\t\t\t\t<span class=\"vrc-promotion-date-weekday vrc-pref-color-element\">Czwartek<\/span>\r\n\t\t\t\t\t\t\t\t\t\t\t\t\t\t\t\t<span class=\"vrc-promotion-date-weekday vrc-pref-color-element\">Pi\u0105tek<\/span>\r\n\t\t\t\t\t\t\t\t\t\t\t\t\t\t\t\t<span class=\"vrc-promotion-date-weekday vrc-pref-color-element\">Sobota<\/span>\r\n\t\t\t\t\t\t\t\t\t\t\t\t\t\t\t<\/div>\r\n\t\t\t\t\t\t\t\t\t\t\t\t<\/div>\r\n\t\t\t\t\t<\/div>\r\n\t\t\t\t<\/div>\r\n\t\t\t<\/div>\r\n\t\t\t<div class=\"vrc-promotion-bottom-block\">\r\n\t\t\t\t<div class=\"vrc-promotion-description\">\r\n\t\t\t\t\t<h5><em><strong data-start=\"339\" data-end=\"371\">Ekskluzywna oferta na pocz\u0105tek sezonu<\/strong><\/em><br data-start=\"371\" data-end=\"374\" \/><em>Zarezerwuj ju\u017c dzi\u015b. Ciesz si\u0119 p\u00f3\u017aniej \u2014 w najlepszej gwarantowanej cenie.<\/em><\/h5>\t\t\t\t<\/div>\r\n\t\t\t\t\t\t\t<div class=\"vrc-promotion-cars-list\">\r\n\t\t\t\t\t\t\t\t\t<div class=\"vrc-promotion-car-block\">\r\n\t\t\t\t\t\t<div class=\"vrc-promotion-car-img\">\r\n\t\t\t\t\t\t\t\t\t\t\t\t\t<img decoding=\"async\" alt=\"Fiat Panda lub podobny\" src=\"https:\/\/aegean-rentals.com\/wp-content\/plugins\/vikrentcar\/admin\/resources\/vthumb_fiat_panda.jpg\"\/>\r\n\t\t\t\t\t\t\t\t\t\t\t\t\t<\/div>\r\n\t\t\t\t\t\t<div class=\"vrc-promotion-car-name-wrap\">\r\n\t\t\t\t\t\t\t<h4 class=\"vrc-promotion-car-name\">Fiat Panda lub podobny<\/h4>\r\n\t\t\t\t\t\t<\/div>\r\n\t\t\t\t\t\t<div class=\"vrc-promotion-car-book-block\">\r\n\t\t\t\t\t\t\t<a class=\"btn vrc-promotion-car-book-link vrc-pref-color-btn\" href=\"https:\/\/aegean-rentals.com\/pl\/promocje\/?option=com_vikrentcar&amp;view=cardetails&amp;carid=36&amp;pickup=1782853200&amp;promo=1\">Zarezerwuj teraz<\/a>\r\n\t\t\t\t\t\t<\/div>\r\n\t\t\t\t\t<\/div>\r\n\t\t\t\t\t\t\t\t\t\t\t<div class=\"vrc-promotion-car-block\">\r\n\t\t\t\t\t\t<div class=\"vrc-promotion-car-img\">\r\n\t\t\t\t\t\t\t\t\t\t\t\t\t<img decoding=\"async\" alt=\"Toyota Aygo lub podobna\" src=\"https:\/\/aegean-rentals.com\/wp-content\/plugins\/vikrentcar\/admin\/resources\/vthumb_23aygo.jpg\"\/>\r\n\t\t\t\t\t\t\t\t\t\t\t\t\t<\/div>\r\n\t\t\t\t\t\t<div class=\"vrc-promotion-car-name-wrap\">\r\n\t\t\t\t\t\t\t<h4 class=\"vrc-promotion-car-name\">Toyota Aygo lub podobna<\/h4>\r\n\t\t\t\t\t\t<\/div>\r\n\t\t\t\t\t\t<div class=\"vrc-promotion-car-book-block\">\r\n\t\t\t\t\t\t\t<a class=\"btn vrc-promotion-car-book-link vrc-pref-color-btn\" href=\"https:\/\/aegean-rentals.com\/pl\/promocje\/?option=com_vikrentcar&amp;view=cardetails&amp;carid=9&amp;pickup=1782853200&amp;promo=1\">Zarezerwuj teraz<\/a>\r\n\t\t\t\t\t\t<\/div>\r\n\t\t\t\t\t<\/div>\r\n\t\t\t\t\t\t\t\t\t\t<\/div>\r\n\t\t\t\t\t\t\t<\/div>\r\n\t\t<\/div>\r\n\t\t\t<\/div>\r\n\t\n<\/div>\n<\/div>\n\t\t\t\t\t\t<\/div>\n\t\t\t\t<\/div>\n\t\t\t\t\t<\/div>\n\t\t<\/div>\n\t\t\t\t\t<\/div>\n\t\t<\/section>\n\t\t\t\t<\/div>","protected":false},"excerpt":{"rendered":"","protected":false},"author":1,"featured_media":0,"parent":0,"menu_order":0,"comment_status":"closed","ping_status":"closed","template":"elementor_header_footer","meta":{"footnotes":""},"class_list":["post-545","page","type-page","status-publish","hentry"],"blocksy_meta":[],"_links":{"self":[{"href":"https:\/\/aegean-rentals.com\/pl\/wp-json\/wp\/v2\/pages\/545","targetHints":{"allow":["GET"]}}],"collection":[{"href":"https:\/\/aegean-rentals.com\/pl\/wp-json\/wp\/v2\/pages"}],"about":[{"href":"https:\/\/aegean-rentals.com\/pl\/wp-json\/wp\/v2\/types\/page"}],"author":[{"embeddable":true,"href":"https:\/\/aegean-rentals.com\/pl\/wp-json\/wp\/v2\/users\/1"}],"replies":[{"embeddable":true,"href":"https:\/\/aegean-rentals.com\/pl\/wp-json\/wp\/v2\/comments?post=545"}],"version-history":[{"count":4,"href":"https:\/\/aegean-rentals.com\/pl\/wp-json\/wp\/v2\/pages\/545\/revisions"}],"predecessor-version":[{"id":549,"href":"https:\/\/aegean-rentals.com\/pl\/wp-json\/wp\/v2\/pages\/545\/revisions\/549"}],"wp:attachment":[{"href":"https:\/\/aegean-rentals.com\/pl\/wp-json\/wp\/v2\/media?parent=545"}],"curies":[{"name":"wp","href":"https:\/\/api.w.org\/{rel}","templated":true}]}}