{"id":738,"date":"2024-03-06T11:13:38","date_gmt":"2024-03-06T09:13:38","guid":{"rendered":"https:\/\/aegean-rentals.com\/?page_id=738"},"modified":"2025-04-17T00:20:15","modified_gmt":"2025-04-16T21:20:15","slug":"polisa-ubezpieczeniowa","status":"publish","type":"page","link":"https:\/\/aegean-rentals.com\/pl\/polisa-ubezpieczeniowa\/","title":{"rendered":"Polisa ubezpieczeniowa"},"content":{"rendered":"<div data-elementor-type=\"wp-page\" data-elementor-id=\"738\" class=\"elementor elementor-738\" data-elementor-post-type=\"page\">\n\t\t\t\t\t\t<section class=\"elementor-section elementor-top-section elementor-element elementor-element-6fae5ff elementor-section-boxed elementor-section-height-default elementor-section-height-default\" data-id=\"6fae5ff\" data-element_type=\"section\" data-e-type=\"section\" data-settings=\"{&quot;background_background&quot;:&quot;classic&quot;}\">\n\t\t\t\t\t\t<div class=\"elementor-container elementor-column-gap-default\">\n\t\t\t\t\t<div class=\"elementor-column elementor-col-100 elementor-top-column elementor-element elementor-element-0d48e01\" data-id=\"0d48e01\" data-element_type=\"column\" data-e-type=\"column\">\n\t\t\t<div class=\"elementor-widget-wrap elementor-element-populated\">\n\t\t\t\t\t\t<div class=\"elementor-element elementor-element-129a56e elementor-widget elementor-widget-heading\" data-id=\"129a56e\" data-element_type=\"widget\" data-e-type=\"widget\" data-widget_type=\"heading.default\">\n\t\t\t\t<div class=\"elementor-widget-container\">\n\t\t\t\t\t<h1 class=\"elementor-heading-title elementor-size-default\">polisa ubezpieczeniowa<\/h1>\t\t\t\t<\/div>\n\t\t\t\t<\/div>\n\t\t\t\t<div class=\"elementor-element elementor-element-0c97062 elementor-icon-list--layout-inline elementor-align-center elementor-list-item-link-full_width elementor-widget elementor-widget-icon-list\" data-id=\"0c97062\" data-element_type=\"widget\" data-e-type=\"widget\" data-widget_type=\"icon-list.default\">\n\t\t\t\t<div class=\"elementor-widget-container\">\n\t\t\t\t\t\t\t<ul class=\"elementor-icon-list-items elementor-inline-items\">\n\t\t\t\t\t\t\t<li class=\"elementor-icon-list-item elementor-inline-item\">\n\t\t\t\t\t\t\t\t\t\t\t<a href=\"https:\/\/aegean-rentals.com\/pl\">\n\n\t\t\t\t\t\t\t\t\t\t\t<span class=\"elementor-icon-list-text\">DOM<\/span>\n\t\t\t\t\t\t\t\t\t\t\t<\/a>\n\t\t\t\t\t\t\t\t\t<\/li>\n\t\t\t\t\t\t\t\t<li class=\"elementor-icon-list-item elementor-inline-item\">\n\t\t\t\t\t\t\t\t\t\t\t<span class=\"elementor-icon-list-icon\">\n\t\t\t\t\t\t\t<i aria-hidden=\"true\" class=\"fas fa-chevron-right\"><\/i>\t\t\t\t\t\t<\/span>\n\t\t\t\t\t\t\t\t\t\t<span class=\"elementor-icon-list-text\">POLISA UBEZPIECZENIOWA<\/span>\n\t\t\t\t\t\t\t\t\t<\/li>\n\t\t\t\t\t\t<\/ul>\n\t\t\t\t\t\t<\/div>\n\t\t\t\t<\/div>\n\t\t\t\t\t<\/div>\n\t\t<\/div>\n\t\t\t\t\t<\/div>\n\t\t<\/section>\n\t\t\t\t<section class=\"elementor-section elementor-top-section elementor-element elementor-element-c1aa328 elementor-section-boxed elementor-section-height-default elementor-section-height-default\" data-id=\"c1aa328\" data-element_type=\"section\" data-e-type=\"section\">\n\t\t\t\t\t\t<div class=\"elementor-container elementor-column-gap-default\">\n\t\t\t\t\t<div class=\"elementor-column elementor-col-100 elementor-top-column elementor-element elementor-element-1c08e1b\" data-id=\"1c08e1b\" data-element_type=\"column\" data-e-type=\"column\">\n\t\t\t<div class=\"elementor-widget-wrap elementor-element-populated\">\n\t\t\t\t\t\t<div class=\"elementor-element elementor-element-ce02602 elementor-widget elementor-widget-text-editor\" data-id=\"ce02602\" data-element_type=\"widget\" data-e-type=\"widget\" data-widget_type=\"text-editor.default\">\n\t\t\t\t<div class=\"elementor-widget-container\">\n\t\t\t\t\t\t\t\t\t<p>\"<\/p><h3 data-start=\"115\" data-end=\"181\"><strong data-start=\"119\" data-end=\"181\">Standardowy pakiet ubezpieczeniowy \u2013 Zrzeczenie si\u0119 odpowiedzialno\u015bci za szkody powsta\u0142e w wyniku kolizji (CDW)<\/strong><\/h3><p data-start=\"183\" data-end=\"433\">Zrzeczenie si\u0119 odpowiedzialno\u015bci za szkody powsta\u0142e w wyniku kolizji (CDW) to <strong data-start=\"216\" data-end=\"248\">wliczone w cen\u0119 wynajmu<\/strong> i ogranicza odpowiedzialno\u015b\u0107 finansow\u0105 wynajmuj\u0105cego za uszkodzenie pojazdu do okre\u015blonej kwoty <strong data-start=\"342\" data-end=\"359\">nadwy\u017cka<\/strong> (znany r\u00f3wnie\u017c jako franszyza). Nadwy\u017cka zale\u017cy od kategorii pojazdu:<\/p><ul data-start=\"435\" data-end=\"671\"><li data-start=\"435\" data-end=\"459\"><p data-start=\"437\" data-end=\"459\"><strong data-start=\"437\" data-end=\"452\">Grupa A, B:<\/strong> \u20ac800<\/p><\/li><li data-start=\"460\" data-end=\"489\"><p data-start=\"462\" data-end=\"489\"><strong data-start=\"462\" data-end=\"482\">Grupa C, C1, L1:<\/strong> \u20ac900<\/p><\/li><li data-start=\"490\" data-end=\"517\"><p data-start=\"492\" data-end=\"517\"><strong data-start=\"492\" data-end=\"508\">Grupa D, L2:<\/strong> \u20ac1,000<\/p><\/li><li data-start=\"518\" data-end=\"545\"><p data-start=\"520\" data-end=\"545\"><strong data-start=\"520\" data-end=\"536\">Grupa K, K1:<\/strong> \u20ac1,100<\/p><\/li><li data-start=\"546\" data-end=\"570\"><p data-start=\"548\" data-end=\"570\"><strong data-start=\"548\" data-end=\"561\">Grupa D2:<\/strong> \u20ac1,200<\/p><\/li><li data-start=\"571\" data-end=\"610\"><p data-start=\"573\" data-end=\"610\"><strong data-start=\"573\" data-end=\"601\">Grupa L3, S1, S2, E, E1:<\/strong> \u20ac1,300<\/p><\/li><li data-start=\"611\" data-end=\"646\"><p data-start=\"613\" data-end=\"646\"><strong data-start=\"613\" data-end=\"637\">Grupa S3, K2, K3, F:<\/strong>\u00a01,600<\/p><\/li><li data-start=\"647\" data-end=\"671\"><p data-start=\"649\" data-end=\"671\"><strong data-start=\"649\" data-end=\"662\">Grupa S4:<\/strong> \u20ac1,800<\/p><\/li><\/ul><hr data-start=\"673\" data-end=\"676\" \/><h3 data-start=\"678\" data-end=\"707\"><strong data-start=\"682\" data-end=\"707\">Polityka dotycz\u0105ca depozyt\u00f3w nadwy\u017ckowych<\/strong><\/h3><ul><li data-start=\"709\" data-end=\"793\"><p data-start=\"711\" data-end=\"793\">Ten <strong data-start=\"715\" data-end=\"744\">nadwy\u017cka jest zarezerwowana<\/strong> (wst\u0119pnie autoryzowana) na czas trwania wynajmu.<\/p><\/li><li data-start=\"794\" data-end=\"850\"><p data-start=\"796\" data-end=\"850\">Mo\u017cna to zrobi\u0107 poprzez <strong data-start=\"817\" data-end=\"849\">kart\u0105 kredytow\u0105\/debetow\u0105 lub got\u00f3wk\u0105<\/strong>.<\/p><\/li><li data-start=\"851\" data-end=\"913\"><p data-start=\"853\" data-end=\"913\">Metoda p\u0142atno\u015bci <strong data-start=\"872\" data-end=\"912\">musi by\u0107 na nazwisko kierowcy<\/strong>.<\/p><\/li><li data-start=\"914\" data-end=\"1004\"><p data-start=\"916\" data-end=\"1004\">Ca\u0142a kwota b\u0119dzie <strong data-start=\"940\" data-end=\"977\">zwracane na koniec wynajmu<\/strong> je\u015bli nie nast\u0105pi\u0142y \u017cadne szkody.<\/p><\/li><\/ul><h3><b>Pe\u0142ny pakiet ubezpiecze\u0144<\/b><\/h3><ul><li><p data-start=\"124\" data-end=\"244\">Jed\u017a pewnie, wiedz\u0105c, \u017ce jeste\u015b chroniony przed wi\u0119kszo\u015bci\u0105 nieoczekiwanych zdarze\u0144, dzi\u0119ki <strong data-start=\"208\" data-end=\"234\">brak nadwy\u017cki (odliczenia)<\/strong> wymagany.<\/p><hr data-start=\"246\" data-end=\"249\" \/><h3 data-start=\"251\" data-end=\"316\"><strong data-start=\"255\" data-end=\"316\">Pe\u0142ne zrzeczenie si\u0119 odszkodowania i kompleksowa ochrona (FDW i WUG)<\/strong><\/h3><ul data-start=\"317\" data-end=\"573\"><li data-start=\"317\" data-end=\"469\"><p data-start=\"319\" data-end=\"337\">Obejmuje szkody wyrz\u0105dzone:<\/p><ul data-start=\"340\" data-end=\"469\"><li data-start=\"340\" data-end=\"372\"><p data-start=\"342\" data-end=\"372\"><strong data-start=\"342\" data-end=\"355\">Sp\u00f3d<\/strong> pojazdu<\/p><\/li><li data-start=\"375\" data-end=\"406\"><p data-start=\"377\" data-end=\"406\"><strong data-start=\"377\" data-end=\"404\">Szyby przednie i okna<\/strong><\/p><\/li><li data-start=\"409\" data-end=\"433\"><p data-start=\"411\" data-end=\"433\"><strong data-start=\"411\" data-end=\"431\">Opony i ko\u0142a<\/strong><\/p><\/li><li data-start=\"436\" data-end=\"469\"><p data-start=\"438\" data-end=\"469\"><strong data-start=\"438\" data-end=\"469\">Silnik i cz\u0119\u015bci mechaniczne<\/strong><\/p><\/li><\/ul><\/li><li data-start=\"470\" data-end=\"573\"><p data-start=\"472\" data-end=\"573\">Oferty <strong data-start=\"479\" data-end=\"498\">pe\u0142na ochrona<\/strong> przed przypadkowym uszkodzeniem, dzi\u0119ki czemu mo\u017cesz cieszy\u0107 si\u0119 podr\u00f3\u017c\u0105 bez obaw.<\/p><\/li><\/ul><hr data-start=\"575\" data-end=\"578\" \/><h3 data-start=\"580\" data-end=\"609\"><strong data-start=\"584\" data-end=\"609\">Ochrona przed kradzie\u017c\u0105 (TP)<\/strong><\/h3><ul data-start=\"610\" data-end=\"765\"><li data-start=\"610\" data-end=\"695\"><p data-start=\"612\" data-end=\"695\">Ok\u0142adki <strong data-start=\"619\" data-end=\"636\">kradzie\u017c pojazdu<\/strong>z wy\u0142\u0105czeniem zdarze\u0144 wynikaj\u0105cych z <strong data-start=\"673\" data-end=\"694\">zaniedbanie kierowcy<\/strong>.<\/p><\/li><li data-start=\"696\" data-end=\"765\"><p data-start=\"698\" data-end=\"765\">Pomaga zapewni\u0107 ochron\u0119 finansow\u0105 w przypadku kradzie\u017cy pojazdu.<\/p><\/li><\/ul><hr data-start=\"767\" data-end=\"770\" \/><h3 data-start=\"772\" data-end=\"811\"><strong data-start=\"776\" data-end=\"811\">Ubezpieczenie odpowiedzialno\u015bci cywilnej (PL)<\/strong><\/h3><ul data-start=\"812\" data-end=\"1019\"><li data-start=\"812\" data-end=\"930\"><p data-start=\"814\" data-end=\"846\">Pokrywa do <strong data-start=\"827\" data-end=\"841\">\u20ac1,000,000<\/strong> Do:<\/p><ul data-start=\"849\" data-end=\"930\"><li data-start=\"849\" data-end=\"887\"><p data-start=\"851\" data-end=\"887\"><strong data-start=\"851\" data-end=\"868\">Obra\u017cenia cia\u0142a<\/strong> osobom trzecim<\/p><\/li><li data-start=\"890\" data-end=\"930\"><p data-start=\"892\" data-end=\"930\"><strong data-start=\"892\" data-end=\"911\">Uszkodzenie mienia<\/strong> spowodowane innym<\/p><\/li><\/ul><\/li><li data-start=\"931\" data-end=\"1019\"><p data-start=\"933\" data-end=\"1019\">Zapewnia podstawow\u0105 ochron\u0119 w razie wypadku z udzia\u0142em innych os\u00f3b lub pojazd\u00f3w.<\/p><\/li><\/ul><hr data-start=\"1021\" data-end=\"1024\" \/><h3 data-start=\"1026\" data-end=\"1067\"><strong data-start=\"1030\" data-end=\"1067\">Ubezpieczenie od nast\u0119pstw nieszcz\u0119\u015bliwych wypadk\u00f3w (PAI)<\/strong><\/h3><ul data-start=\"1068\" data-end=\"1253\"><li data-start=\"1068\" data-end=\"1146\"><p data-start=\"1070\" data-end=\"1146\"><strong data-start=\"1070\" data-end=\"1084\">Pasa\u017cerowie<\/strong> s\u0105 obj\u0119te do <strong data-start=\"1103\" data-end=\"1117\">\u20ac1,000,000<\/strong> na pokrycie wydatk\u00f3w zwi\u0105zanych z obra\u017ceniami.<\/p><\/li><li data-start=\"1147\" data-end=\"1193\"><p data-start=\"1149\" data-end=\"1193\">Ten <strong data-start=\"1153\" data-end=\"1163\">kierowca<\/strong> jest pokryty do <strong data-start=\"1181\" data-end=\"1192\">\u20ac15,000<\/strong>.<\/p><\/li><li data-start=\"1194\" data-end=\"1253\"><p data-start=\"1196\" data-end=\"1253\">Zapewnia dodatkow\u0105 ochron\u0119 wszystkim osobom znajduj\u0105cym si\u0119 w poje\u017adzie.<\/p><h3 data-start=\"123\" data-end=\"171\"><strong data-start=\"127\" data-end=\"171\">Super Collision Damage Waiver (SCDW)<\/strong><\/h3><p data-start=\"173\" data-end=\"392\">W przypadku niekt\u00f3rych kategorii pojazd\u00f3w, kt\u00f3re <strong data-start=\"209\" data-end=\"240\">nie oferujemy pe\u0142nego ubezpieczenia<\/strong>, ten <strong data-start=\"246\" data-end=\"265\">Opcja SCDW<\/strong> jest dost\u0119pny. Ta aktualizacja zmniejsza odpowiedzialno\u015b\u0107 finansow\u0105 najemcy (<strong data-start=\"335\" data-end=\"345\">nadmiar<\/strong>) w przypadku szkody, p\u0142ac\u0105c <strong data-start=\"378\" data-end=\"391\">op\u0142ata dzienna<\/strong>.<\/p><p data-start=\"394\" data-end=\"473\">Ubezpieczenie SCDW jest dost\u0119pne w nast\u0119puj\u0105cych kategoriach z obni\u017conymi kwotami udzia\u0142u w\u0142asnego:<\/p><ul data-start=\"475\" data-end=\"557\"><li data-start=\"475\" data-end=\"500\"><p data-start=\"477\" data-end=\"500\"><strong data-start=\"477\" data-end=\"493\">Grupa E, E1:<\/strong> \u20ac400<\/p><\/li><li data-start=\"501\" data-end=\"531\"><p data-start=\"503\" data-end=\"531\"><strong data-start=\"503\" data-end=\"524\">Grupa S3, K2, K3:<\/strong> \u20ac600<\/p><\/li><li data-start=\"532\" data-end=\"557\"><p data-start=\"534\" data-end=\"557\"><strong data-start=\"534\" data-end=\"550\">Grupa S4, K:<\/strong> \u20ac800<\/p><\/li><\/ul><blockquote data-start=\"559\" data-end=\"679\"><p data-start=\"561\" data-end=\"679\">Opcja ta zapewnia wi\u0119kszy spok\u00f3j ducha wynajmuj\u0105cym pojazdy wy\u017cszej kategorii, w przypadku kt\u00f3rych nie jest dost\u0119pne pe\u0142ne ubezpieczenie.<\/p><\/blockquote><\/li><\/ul><p style=\"margin-block: 0px 0.9rem; font-size: 16px; text-align: start;\">\u00a0<\/p><p><span style=\"color: #000000;\">\u00a0<\/span><\/p><p><span style=\"font-family: inherit; font-size: inherit; font-style: inherit; font-variant-ligatures: inherit; font-variant-caps: inherit; letter-spacing: var(--theme-letter-spacing); text-transform: var(--theme-text-transform); background-color: var(--theme-palette-color-8);\"><span style=\"color: var(--theme-text-color); font-weight: bold;\"><br \/><br \/><\/span><\/span><\/p><h3 data-start=\"92\" data-end=\"122\">\u00a0<\/h3><\/li><\/ul><p style=\"margin-bottom: var(--theme-content-spacing); font-size: 16px; text-align: start;\">\u00a0<\/p>\t\t\t\t\t\t\t\t<\/div>\n\t\t\t\t<\/div>\n\t\t\t\t\t<\/div>\n\t\t<\/div>\n\t\t\t\t\t<\/div>\n\t\t<\/section>\n\t\t\t\t<\/div>","protected":false},"excerpt":{"rendered":"<p>Polisa ubezpieczeniowa POLISA UBEZPIECZENIOWA DOMU \u201eStandardowy Pakiet Ubezpieczeniowy \u2013 Ubezpieczenie od Uszkodze\u0144 Pojazdu (CDW) Ubezpieczenie od Uszkodze\u0144 Pojazdu (CDW) jest wliczone w cen\u0119 wynajmu i ogranicza odpowiedzialno\u015b\u0107 finansow\u0105 najemcy za uszkodzenia pojazdu do okre\u015blonej kwoty udzia\u0142u w\u0142asnego (zwanej r\u00f3wnie\u017c franszyz\u0105). Wysoko\u015b\u0107 udzia\u0142u w\u0142asnego zale\u017cy od kategorii pojazdu: Grupa A, [\u2026]<\/p>","protected":false},"author":1,"featured_media":0,"parent":0,"menu_order":0,"comment_status":"closed","ping_status":"closed","template":"elementor_header_footer","meta":{"footnotes":""},"class_list":["post-738","page","type-page","status-publish","hentry"],"blocksy_meta":[],"_links":{"self":[{"href":"https:\/\/aegean-rentals.com\/pl\/wp-json\/wp\/v2\/pages\/738","targetHints":{"allow":["GET"]}}],"collection":[{"href":"https:\/\/aegean-rentals.com\/pl\/wp-json\/wp\/v2\/pages"}],"about":[{"href":"https:\/\/aegean-rentals.com\/pl\/wp-json\/wp\/v2\/types\/page"}],"author":[{"embeddable":true,"href":"https:\/\/aegean-rentals.com\/pl\/wp-json\/wp\/v2\/users\/1"}],"replies":[{"embeddable":true,"href":"https:\/\/aegean-rentals.com\/pl\/wp-json\/wp\/v2\/comments?post=738"}],"version-history":[{"count":29,"href":"https:\/\/aegean-rentals.com\/pl\/wp-json\/wp\/v2\/pages\/738\/revisions"}],"predecessor-version":[{"id":892,"href":"https:\/\/aegean-rentals.com\/pl\/wp-json\/wp\/v2\/pages\/738\/revisions\/892"}],"wp:attachment":[{"href":"https:\/\/aegean-rentals.com\/pl\/wp-json\/wp\/v2\/media?parent=738"}],"curies":[{"name":"wp","href":"https:\/\/api.w.org\/{rel}","templated":true}]}}